{"id":1359,"date":"2019-11-01T23:07:16","date_gmt":"2019-11-01T23:07:16","guid":{"rendered":"https:\/\/acticonta.net\/?page_id=1359"},"modified":"2019-12-04T03:54:19","modified_gmt":"2019-12-04T03:54:19","slug":"marca-registada","status":"publish","type":"page","link":"https:\/\/acticonta.net\/en\/marca-registada\/","title":{"rendered":"Trademark"},"content":{"rendered":"<h1>\n\t\tTrademark \u00ae \n\t<\/h1>\n\t<p class=\"translation-block\"><strong>ACTICONTA <\/strong>is a <strong>registered trademark (\u00ae)<\/strong> in <a href=\"https:\/\/inpi.justica.gov.pt\/\" target=\"_blank\" rel=\"noopener\">INPI - National Institute of Industrial Property<\/a>,  in which all specifications of the Acticonta brand are available.<\/p>\n\t\t<p>Unauthorized use of ACTICONTA brand<\/p>\t\t\t\n\t\t\t\t<p>The use of ACTICONTA's name and \/ or graphic signs is completely forbidden to third parties, and their misuse will be subject to <strong>criminal sanctions, as well as civil liability for loss and damage.<\/strong>.<\/p>","protected":false},"excerpt":{"rendered":"<p>Marca Registada \u00ae ACTICONTA \u00e9 uma marca registada (\u00ae) no INPI - Instituto Nacional da Propriedade Industrial, no qual est\u00e3o dispon\u00edveis todas as especifica\u00e7\u00f5es da marca Acticonta. Uso n\u00e3o autorizado da marca ACTICONTA A utiliza\u00e7\u00e3o do nome e\/ou sinais gr\u00e1ficos da ACTICONTA est\u00e1 completamente vedada a terceiros, sendo que a sua utiliza\u00e7\u00e3o indevida ficar\u00e1 sujeita [&hellip;]<\/p>","protected":false},"author":4,"featured_media":0,"parent":0,"menu_order":0,"comment_status":"closed","ping_status":"closed","template":"","meta":{"footnotes":""},"class_list":["post-1359","page","type-page","status-publish","hentry"],"_links":{"self":[{"href":"https:\/\/acticonta.net\/en\/wp-json\/wp\/v2\/pages\/1359","targetHints":{"allow":["GET"]}}],"collection":[{"href":"https:\/\/acticonta.net\/en\/wp-json\/wp\/v2\/pages"}],"about":[{"href":"https:\/\/acticonta.net\/en\/wp-json\/wp\/v2\/types\/page"}],"author":[{"embeddable":true,"href":"https:\/\/acticonta.net\/en\/wp-json\/wp\/v2\/users\/4"}],"replies":[{"embeddable":true,"href":"https:\/\/acticonta.net\/en\/wp-json\/wp\/v2\/comments?post=1359"}],"version-history":[{"count":0,"href":"https:\/\/acticonta.net\/en\/wp-json\/wp\/v2\/pages\/1359\/revisions"}],"wp:attachment":[{"href":"https:\/\/acticonta.net\/en\/wp-json\/wp\/v2\/media?parent=1359"}],"curies":[{"name":"wp","href":"https:\/\/api.w.org\/{rel}","templated":true}]}}