{"id":247,"date":"2019-01-21T04:55:06","date_gmt":"2019-01-21T04:55:06","guid":{"rendered":"https:\/\/acticonta.net\/?page_id=247"},"modified":"2022-05-12T10:32:58","modified_gmt":"2022-05-12T10:32:58","slug":"setores-atividade","status":"publish","type":"page","link":"https:\/\/acticonta.net\/en\/setores-atividade\/","title":{"rendered":"Activity Sectors"},"content":{"rendered":"<h1>\n\t\tACTIVITY SECTORS\n\t<\/h1>\n\t\t\t<h2>We empower companies in their management acts<\/h2>\t\t\t\n\t\t\t\t<p>With over 30 years of experience and highly qualified staff, ACTICONTA provides high quality services to a diverse set of economic activities and types of companies.&nbsp;<\/p>\n\t\t<h3>Cooperative Sector<\/h3>\t\t\n\t\t<h3>Restaurants<\/h3>\t\t\n\t\t<h3>Advertising and video<\/h3>\t\t\n\t\t<h3>Architecture<\/h3>\t\t\n\t\t<h3>Agriculture, Civiculture &amp; Livestock<\/h3>\t\t\n\t\t<h3>Consulting<\/h3>\t\t\n\t\t<h3>Sports<\/h3>\t\t\n\t\t<h3>Movie Industry<\/h3>\t\t\n\t\t<h3>Health<\/h3>\t\t\n\t\t\t<h2>We offer a wide range of quality services that will help you run your business.<\/h2>\t\t\t\n\t\t\t<a href=\"https:\/\/acticonta.net\/en\/servicos\/\" target=\"_self\" role=\"button\" rel=\"noopener noreferrer\">\n\t\t\t\t\t\t\tKNOW OUR SERVICES\n\t\t<\/a>","protected":false},"excerpt":{"rendered":"<p>SETORES ATIVIDADE Capacitamos as empresas nos seus atos de gest\u00e3o Com mais de 30 anos de experi\u00eancia e quadros altamente qualificados, a ACTICONTA presta servi\u00e7os de elevada qualidade a um conjunto diversificado de actividades econ\u00f3micas e tipos de sociedades.&nbsp; Sector cooperativo Restaura\u00e7\u00e3o Publicidade e v\u00eddeo Arquitetura Agricultura, Civiculta e Pecu\u00e1ria Consultoria Desporto Com\u00e9rcio Cinematogr\u00e1fico Sa\u00fade [&hellip;]<\/p>","protected":false},"author":4,"featured_media":0,"parent":0,"menu_order":0,"comment_status":"closed","ping_status":"closed","template":"","meta":{"footnotes":""},"class_list":["post-247","page","type-page","status-publish","hentry"],"_links":{"self":[{"href":"https:\/\/acticonta.net\/en\/wp-json\/wp\/v2\/pages\/247","targetHints":{"allow":["GET"]}}],"collection":[{"href":"https:\/\/acticonta.net\/en\/wp-json\/wp\/v2\/pages"}],"about":[{"href":"https:\/\/acticonta.net\/en\/wp-json\/wp\/v2\/types\/page"}],"author":[{"embeddable":true,"href":"https:\/\/acticonta.net\/en\/wp-json\/wp\/v2\/users\/4"}],"replies":[{"embeddable":true,"href":"https:\/\/acticonta.net\/en\/wp-json\/wp\/v2\/comments?post=247"}],"version-history":[{"count":3,"href":"https:\/\/acticonta.net\/en\/wp-json\/wp\/v2\/pages\/247\/revisions"}],"predecessor-version":[{"id":1715,"href":"https:\/\/acticonta.net\/en\/wp-json\/wp\/v2\/pages\/247\/revisions\/1715"}],"wp:attachment":[{"href":"https:\/\/acticonta.net\/en\/wp-json\/wp\/v2\/media?parent=247"}],"curies":[{"name":"wp","href":"https:\/\/api.w.org\/{rel}","templated":true}]}}