{"id":316,"date":"2019-01-22T02:04:55","date_gmt":"2019-01-22T02:04:55","guid":{"rendered":"https:\/\/acticonta.net\/?page_id=316"},"modified":"2020-02-22T17:56:31","modified_gmt":"2020-02-22T17:56:31","slug":"servicos","status":"publish","type":"page","link":"https:\/\/acticonta.net\/en\/servicos\/","title":{"rendered":"Services"},"content":{"rendered":"<h1>\n\t\tSERVICES\n\t<\/h1>\n<h2>\n\t\tWhy choose Acticonta?\n\t<\/h2>\n\t<p><strong>We provide high quality differentiating services.<\/strong><\/p>\n<p>Our staff has a set of characteristics that are intrinsic to a young and mature cast, that combines a vast experience and a wide range of knowledge in accounting and tax, innovation, creativity, originality and entrepreneurial skills.<\/p>\n<p>Our services are provided in collaboration with the Tax Administration and are supported by a well-developed IT component, including easy access to databases, Internet and other sources of information.<\/p>\n\t\t\t\t<img decoding=\"async\" src=\"https:\/\/acticonta.net\/wp-content\/uploads\/2019\/09\/servicos-objetivos-1.jpg\" alt=\"Ajudamos a concretizar os seus objetivos\" title=\"servicos objetivos\" itemprop=\"image\"\/>\n\t<h3><!--\n\t--><!--\t-->QUALIDADERIGORRAPIDEZ<!--\n\t-->\n\t<\/h3>\n\t<p class=\"translation-block\"><span style=\"font-size: 22px\">ACTICONTA<strong> service projects <\/strong>are presented and studied from the point of view of their <strong>feasibility<\/strong> and supported by a well-defined plan that allows a <strong>successful execution<\/strong>.<\/span><\/p>\n<h2>\n\t\tFeatured Services \n\t<\/h2>\n\t\t\t\t\t\t\t\t\t\t\t\t<h3>Accounting<\/h3>\n\t\t\t\t\t\t<p><strong>We organize your company's financial information, to make management decisions more secure and proactive.<br \/><\/strong><\/p>\t\t\t\t\t\n\t\t\t<!-- END .front -->\n\t\t\t\t\t\t\t\t\t\t<p>Some of the services we provide<\/p>\n\t\t\t\t\t\t<ul><li>Execution of General and Analytical Accounting;<\/li><li>Accounting report;<\/li><li>Completion and submission of periodic tax returns.<\/li><\/ul>\t\t\t\t\t\n\t\t\t<a href=\"https:\/\/acticonta.net\/en\/contabilidade\/\" target=\"_self\" role=\"button\" rel=\"noopener noreferrer\">\n\t\t\t\t\t\t\tLEARN MORE\n\t\t<\/a>\n\t\t\t<!-- END .back -->\n\t\t <!-- ifb-flip-box -->\n\t <!-- flip-box -->\n\t\t\t\t\t\t\t\t\t\t\t\t<h3>Tax Advisory <\/h3>\n\t\t\t\t\t\t<p><strong>We keep your company's tax obligations up to date, ensuring their compliance<\/strong><\/p>\t\t\t\t\t\n\t\t\t<!-- END .front -->\n\t\t\t\t\t\t\t\t\t\t<p>Some of the services we provide<\/p>\n\t\t\t\t\t\t<ul><li>Periodic tax information and advice to companies on tax, parafiscal and accounting matters;<\/li><li>Periodic estimates of the amount of income tax payable;<\/li><li>Support in reviewing tax returns.<\/li><\/ul>\t\t\t\t\t\n\t\t\t<a href=\"https:\/\/acticonta.net\/en\/servicos\/assessoria-fiscal\/\" target=\"_self\" role=\"button\" rel=\"noopener noreferrer\">\n\t\t\t\t\t\t\tLEARN MORE\n\t\t<\/a>\n\t\t\t<!-- END .back -->\n\t\t <!-- ifb-flip-box -->\n\t <!-- flip-box -->\n\t\t\t\t\t\t\t\t\t\t\t\t<h3>Human Resources<\/h3>\n\t\t\t\t\t\t<p><strong>We manage all the bureaucracy associated with managing employee obligations<\/strong><\/p>\t\t\t\t\t\n\t\t\t<!-- END .front -->\n\t\t\t\t\t\t\t\t\t\t<p>Some of the services we provide<\/p>\n\t\t\t\t\t\t<ul><li>Support in the admission and \/ or termination of employees to the Official Entities;<\/li><li>Maintenance of the register of personnel in computer support;<\/li><li>Monthly processing of remuneration.<\/li><\/ul>\t\t\t\t\t\n\t\t\t<a href=\"https:\/\/acticonta.net\/en\/servicos\/recursos-humanos\/\" target=\"_self\" role=\"button\" rel=\"noopener noreferrer\">\n\t\t\t\t\t\t\tLEARN MORE\n\t\t<\/a>\n\t\t\t<!-- END .back -->\n\t\t <!-- ifb-flip-box -->\n\t <!-- flip-box -->\n\t\t\t\t\t\t\t\t\t\t\t\t<h3>Author's rights<\/h3>\n\t\t\t\t\t\t<p><strong>We safeguard compliance with copyright protection law<\/strong><\/p>\t\t\t\t\t\n\t\t\t<!-- END .front -->\n\t\t\t\t\t\t\t\t\t\t<p>Some of the services we provide<\/p>\n\t\t\t\t\t\t<ul><li>Issuance of authorizations.<\/li><\/ul>\t\t\t\t\t\n\t\t\t<a href=\"https:\/\/acticonta.net\/en\/servicos\/direitos-autor\/\" target=\"_self\" role=\"button\" rel=\"noopener noreferrer\">\n\t\t\t\t\t\t\tLEARN MORE\n\t\t<\/a>\n\t\t\t<!-- END .back -->\n\t\t <!-- ifb-flip-box -->\n\t <!-- flip-box -->\n<h2>\n\t\tService list\n\t<\/h2>\n\t\t<h3>Tax Accounting<\/h3>\t\t\n\t\t\t<p>&nbsp;<\/p>\n<p>Image already added<\/p>\n\t\t<h3>Analytical accounting<\/h3>\t\t\n<p>Image already added<\/p>\n\t\t<h3>Tax advice<\/h3>\t\t\n\t\t\t<p>&nbsp;<\/p>\n<p>Image already added<\/p>\n\t\t<h3>Human Resources<\/h3>\t\t\n\t\t\t<p>&nbsp;<\/p>\n<p>Image already added<\/p>\n\t\t<h3>Tax Settlement and Contributions<\/h3>\t\t\n<p>Image already added<\/p>\n\t\t<h3>Business Management Monitoring <\/h3>\t\t\n\t\t\t<p>&nbsp;<\/p>\n<p>Image already added<\/p>\n\t\t<h3>Financial audit<\/h3>\t\t\n\t\t\t<p>&nbsp;<\/p>\n<p>Image already added<\/p>\n\t\t<h3>Technical Accountability at Tax Administration level<\/h3>\t\t\n<p>Image already added<\/p>\n\t\t\t<h2>We offer a wide range of quality services that will help you run your business.<\/h2>\t\t\t\n\t\t\t<a href=\"https:\/\/acticonta.net\/en\/contactos\/\" target=\"_self\" role=\"button\" rel=\"noopener noreferrer\">\n\t\t\t\t\t\t\tCONTACT US\n\t\t<\/a>","protected":false},"excerpt":{"rendered":"<p>SERVI\u00c7OS Porqu\u00ea escolher a Acticonta? Disponibilizamos servi\u00e7os diferenciadores de alta qualidade. O nosso corpo t\u00e9cnico possui\u00a0um conjunto de caracter\u00edsticas pr\u00f3prias de um elenco jovem e amadurecido que alia uma vasta experi\u00eancia, e um largo leque de conhecimentos nas \u00e1reas contabil\u00edstica e fiscal, \u00e0 Inova\u00e7\u00e3o, criatividade, originalidade e capacidade empreendedora. Os nossos servi\u00e7os s\u00e3o prestado em [&hellip;]<\/p>","protected":false},"author":4,"featured_media":0,"parent":0,"menu_order":0,"comment_status":"closed","ping_status":"closed","template":"","meta":{"footnotes":""},"class_list":["post-316","page","type-page","status-publish","hentry"],"_links":{"self":[{"href":"https:\/\/acticonta.net\/en\/wp-json\/wp\/v2\/pages\/316","targetHints":{"allow":["GET"]}}],"collection":[{"href":"https:\/\/acticonta.net\/en\/wp-json\/wp\/v2\/pages"}],"about":[{"href":"https:\/\/acticonta.net\/en\/wp-json\/wp\/v2\/types\/page"}],"author":[{"embeddable":true,"href":"https:\/\/acticonta.net\/en\/wp-json\/wp\/v2\/users\/4"}],"replies":[{"embeddable":true,"href":"https:\/\/acticonta.net\/en\/wp-json\/wp\/v2\/comments?post=316"}],"version-history":[{"count":2,"href":"https:\/\/acticonta.net\/en\/wp-json\/wp\/v2\/pages\/316\/revisions"}],"predecessor-version":[{"id":1653,"href":"https:\/\/acticonta.net\/en\/wp-json\/wp\/v2\/pages\/316\/revisions\/1653"}],"wp:attachment":[{"href":"https:\/\/acticonta.net\/en\/wp-json\/wp\/v2\/media?parent=316"}],"curies":[{"name":"wp","href":"https:\/\/api.w.org\/{rel}","templated":true}]}}