{"id":431,"date":"2019-01-24T04:59:34","date_gmt":"2019-01-24T04:59:34","guid":{"rendered":"https:\/\/acticonta.net\/?page_id=431"},"modified":"2020-02-23T00:52:45","modified_gmt":"2020-02-23T00:52:45","slug":"contabilidade","status":"publish","type":"page","link":"https:\/\/acticonta.net\/en\/servicos\/contabilidade\/","title":{"rendered":"Accounting"},"content":{"rendered":"<h1>\n\t\tACCOUNTING\n\t<\/h1>\n\t<h2 class=\"translation-block\"><span class=\"uabb-first-heading-text\">Our<\/span>\n\t\n\t\t<span class=\"uabb-second-heading-text\">Accounting<\/span> \t<span class=\"uabb-first-heading-text\">Service<\/span><\/h2>\n\t<h2><!--\n\t--><!--\t-->GeralAnal\u00edtica<!--\n\t-->\n\t<\/h2>\n\t<p>Accounting plays a vital role in the success of organizations, being an important financial and management tool that assists management in planning, controlling and making decisions.<\/p>\n<p>At Acticonta we carry out the accounting according to the different  standards and frameworks, guaranteeing an excellent, personalized and highly rigorous service.<\/p>\n\t\t<h3><strong>Who is it for?<\/strong><\/h3>\t\t\t\n\t\t\t\t<ul>\n<li>All types of business activities, such as public limited companies and limited liability companies;<\/li>\n<li>Individual entrepreneurs and self-employed professionals with organized accounting and Simplified Regime.<\/li>\n<\/ul>\n\t\t<h3><strong>Benefits<\/strong><\/h3>\t\t\t\n\t\t\t\t<ul>\n<li>Accuracy and security in accounting handling;<\/li>\n<li>Compliance with tax obligations with transparency and effectiveness;<\/li>\n<li>&nbsp;Provision of information to support management;<\/li>\n<li>Assumption of responsibility by duly accredited Certified Accountants;<\/li>\n<li>Timely information, which maximizes the best decision making.<\/li>\n<\/ul>\n\t\t<h3><strong>Accounting service activities<\/strong><\/h3>\t\t\t\n\t<ul>\n<li><\/li>\n<li>Execution of General and Analytical Accounting;<\/li>\n<li>Collection, organization, classification and computerization of accounting documents;<\/li>\n<li>Preparation of specific Accounts Plans in accordance with accounting principles and standards, using cost accounting and respective cost centers;<\/li>\n<li>Monthly preparation of reconciliations of all balance accounts;<\/li>\n<li>Preparation of the register of investments in tangible, intangible and other fixed assets;<\/li>\n<li>Accounting report, including the preparation of financial statements (with evolutionary and comparative analysis): Balance Sheets and Income Statements;<\/li>\n<li>Preparation, analysis and presentation of periodic management support reports;<\/li>\n<\/ul>\n\t<ul>\n<li><\/li>\n<li>Periodic meetings with entrepreneurs \/ managers;<\/li>\n<li>Completion and submission of periodic tax returns and necessary efforts for their payment (VAT, IRC, Stamp Duty, IRS\u2026), closure of accounts and statement of results;<\/li>\n<li>Preparation of Annual Report and Accounts, Financial Restructuring, as well as filing and delivery of annual tax obligations (Model 22, IES);<\/li>\n<li>Consolidation of accounts;<\/li>\n<li>Accounting recovery;<\/li>\n<li>Impairment treatment;<\/li>\n<li>Implementation of integrated management systems (cash management, current account management, stock management, external services);<\/li>\n<li>Support in setting up new companies;<\/li>\n<li>Support in the certification of companies.<\/li>\n<\/ul>\n\t<div class=\"fl-builder-content fl-builder-content-436 fl-builder-template fl-builder-row-template fl-builder-global-templates-locked\" data-post-id=\"436\"><div class=\"fl-row fl-row-fixed-width fl-row-bg-none fl-node-5c497e8b1dade fl-row-default-height fl-row-align-center\" data-node=\"5c497e8b1dade\">\n\t<div class=\"fl-row-content-wrap\">\n\t\t\t\t\t\t\t\t<div class=\"fl-row-content fl-row-fixed-width fl-node-content\">\n\t\t\n<div class=\"fl-col-group fl-node-5c497e8b1dd5f\" data-node=\"5c497e8b1dd5f\">\n\t\t\t<div class=\"fl-col fl-node-5c497e8b1dded fl-col-bg-color\" data-node=\"5c497e8b1dded\">\n\t<div class=\"fl-col-content fl-node-content\"><div class=\"fl-module fl-module-rich-text fl-node-5c498217c84cf\" data-node=\"5c498217c84cf\">\n\t<div class=\"fl-module-content fl-node-content\">\n\t\t<div class=\"fl-rich-text\">\n\t<h2><span style=\"color: #063579;\"><a style=\"color: #063579;\" href=\"https:\/\/acticonta.net\/en\/servicos\/\"><strong>Acticonta Services<\/strong><\/a><\/span><\/h2>\n<h2><\/h2>\n<\/div>\n\t<\/div>\n<\/div>\n<div class=\"fl-module fl-module-info-list fl-node-5c49820c892d1 swititemmenu\" data-node=\"5c49820c892d1\">\n\t<div class=\"fl-module-content fl-node-content\">\n\t\t\r\n<div class=\"uabb-module-content uabb-info-list\">\r\n\t<ul class=\"uabb-info-list-wrapper uabb-info-list-left\">\r\n\t\t<li class=\"uabb-info-list-item info-list-item-dynamic0\"><div class=\"uabb-info-list-content-wrapper fl-clearfix uabb-info-list-left\"><a href=\"https:\/\/acticonta.net\/en\/servicos\/contabilidade\/\" class=\"uabb-info-list-link\" target=\"_self\"  aria-label=\"Go to https:\/\/acticonta.net\/servicos\/contabilidade\/\"><\/a><div class=\"uabb-info-list-icon info-list-icon-dynamic0\"><div class=\"uabb-module-content uabb-imgicon-wrap\">\t\t\t\t<span class=\"uabb-icon-wrap\">\r\n\t\t\t<span class=\"uabb-icon\">\r\n\t\t\t\t<i class=\"ua-icon ua-icon-calculator\"><\/i>\r\n\t\t\t<\/span>\r\n\t\t<\/span>\r\n\t\r\n\t\t<\/div><\/div><div class=\"uabb-info-list-content uabb-info-list-left info-list-content-dynamic0\"><h3 class=\"uabb-info-list-title\">Accounting<\/h3><\/div><\/div><div class=\"uabb-info-list-connector-top uabb-info-list-left\"><\/div><div class=\"uabb-info-list-connector uabb-info-list-left\"><\/div><\/li><li class=\"uabb-info-list-item info-list-item-dynamic1\"><div class=\"uabb-info-list-content-wrapper fl-clearfix uabb-info-list-left\"><a href=\"https:\/\/acticonta.net\/en\/servicos\/assessoria-fiscal\/\" class=\"uabb-info-list-link\" target=\"_self\"  aria-label=\"Go to https:\/\/acticonta.net\/servicos\/assessoria-fiscal\/\"><\/a><div class=\"uabb-info-list-icon info-list-icon-dynamic1\"><div class=\"uabb-module-content uabb-imgicon-wrap\">\t\t\t\t<span class=\"uabb-icon-wrap\">\r\n\t\t\t<span class=\"uabb-icon\">\r\n\t\t\t\t<i class=\"ua-icon ua-icon-credit\"><\/i>\r\n\t\t\t<\/span>\r\n\t\t<\/span>\r\n\t\r\n\t\t<\/div><\/div><div class=\"uabb-info-list-content uabb-info-list-left info-list-content-dynamic1\"><h3 class=\"uabb-info-list-title\">Tax Advisory<\/h3><\/div><\/div><div class=\"uabb-info-list-connector-top uabb-info-list-left\"><\/div><div class=\"uabb-info-list-connector uabb-info-list-left\"><\/div><\/li><li class=\"uabb-info-list-item info-list-item-dynamic2\"><div class=\"uabb-info-list-content-wrapper fl-clearfix uabb-info-list-left\"><a href=\"https:\/\/acticonta.net\/en\/servicos\/recursos-humanos\/\" class=\"uabb-info-list-link\" target=\"_self\"  aria-label=\"Go to https:\/\/acticonta.net\/servicos\/recursos-humanos\/\"><\/a><div class=\"uabb-info-list-icon info-list-icon-dynamic2\"><div class=\"uabb-module-content uabb-imgicon-wrap\">\t\t\t\t<span class=\"uabb-icon-wrap\">\r\n\t\t\t<span class=\"uabb-icon\">\r\n\t\t\t\t<i class=\"ua-icon ua-icon-users2\"><\/i>\r\n\t\t\t<\/span>\r\n\t\t<\/span>\r\n\t\r\n\t\t<\/div><\/div><div class=\"uabb-info-list-content uabb-info-list-left info-list-content-dynamic2\"><h3 class=\"uabb-info-list-title\">Human Resources<\/h3><\/div><\/div><div class=\"uabb-info-list-connector-top uabb-info-list-left\"><\/div><div class=\"uabb-info-list-connector uabb-info-list-left\"><\/div><\/li><li class=\"uabb-info-list-item info-list-item-dynamic3\"><div class=\"uabb-info-list-content-wrapper fl-clearfix uabb-info-list-left\"><a href=\"https:\/\/acticonta.net\/en\/servicos\/direitos-autor\/\" class=\"uabb-info-list-link\" target=\"_self\"  aria-label=\"Go to https:\/\/acticonta.net\/servicos\/direitos-autor\/\"><\/a><div class=\"uabb-info-list-icon info-list-icon-dynamic3\"><div class=\"uabb-module-content uabb-imgicon-wrap\">\t\t\t\t<span class=\"uabb-icon-wrap\">\r\n\t\t\t<span class=\"uabb-icon\">\r\n\t\t\t\t<i class=\"far fa-copyright\"><\/i>\r\n\t\t\t<\/span>\r\n\t\t<\/span>\r\n\t\r\n\t\t<\/div><\/div><div class=\"uabb-info-list-content uabb-info-list-left info-list-content-dynamic3\"><h3 class=\"uabb-info-list-title\">Author's rights<\/h3><\/div><\/div><div class=\"uabb-info-list-connector-top uabb-info-list-left\"><\/div><div class=\"uabb-info-list-connector uabb-info-list-left\"><\/div><\/li>\t<\/ul>\r\n<\/div>\r\n\t<\/div>\n<\/div>\n<div class=\"fl-module fl-module-rich-text fl-node-5d91f18022451\" data-node=\"5d91f18022451\">\n\t<div class=\"fl-module-content fl-node-content\">\n\t\t<div class=\"fl-rich-text\">\n\t<p><span style=\"color: #063579;\"><a style=\"color: #063579;\" href=\"https:\/\/acticonta.net\/en\/linksuteis\/\"><strong>Useful links<\/strong><\/a><\/span><\/p>\n<\/div>\n\t<\/div>\n<\/div>\n<div class=\"fl-module fl-module-info-list fl-node-5d8ccd0f2a181 swititemmenu  swit-link-util\" data-node=\"5d8ccd0f2a181\">\n\t<div class=\"fl-module-content fl-node-content\">\n\t\t\r\n<div class=\"uabb-module-content uabb-info-list\">\r\n\t<ul class=\"uabb-info-list-wrapper uabb-info-list-left\">\r\n\t\t<li class=\"uabb-info-list-item info-list-item-dynamic0\"><div class=\"uabb-info-list-content-wrapper fl-clearfix uabb-info-list-left\"><a href=\"https:\/\/www.portaldasfinancas.gov.pt\/at\/html\/index.html\" class=\"uabb-info-list-link\" target=\"_blank\" rel=\"noopener nofollow\" aria-label=\"Go to https:\/\/www.portaldasfinancas.gov.pt\/at\/html\/index.html\"><\/a><div class=\"uabb-info-list-content uabb-info-list-left info-list-content-dynamic0\"><p class=\"uabb-info-list-title\">AT - Autoridade Tribut\u00e1ria (Tax authority)<\/p><\/div><\/div><\/li><li class=\"uabb-info-list-item info-list-item-dynamic1\"><div class=\"uabb-info-list-content-wrapper fl-clearfix uabb-info-list-left\"><a href=\"https:\/\/www.seg-social.pt\/empresa#\" class=\"uabb-info-list-link\" target=\"_blank\" rel=\"noopener nofollow\" aria-label=\"Go to https:\/\/www.seg-social.pt\/empresa#\"><\/a><div class=\"uabb-info-list-content uabb-info-list-left info-list-content-dynamic1\"><p class=\"uabb-info-list-title\">Social Security<\/p><\/div><\/div><\/li><li class=\"uabb-info-list-item info-list-item-dynamic2\"><div class=\"uabb-info-list-content-wrapper fl-clearfix uabb-info-list-left\"><a href=\"https:\/\/www.iapmei.pt\/\" class=\"uabb-info-list-link\" target=\"_blank\" rel=\"noopener nofollow\" aria-label=\"Go to https:\/\/www.iapmei.pt\/\"><\/a><div class=\"uabb-info-list-content uabb-info-list-left info-list-content-dynamic2\"><p class=\"uabb-info-list-title\">IAPMEI<\/p><\/div><\/div><\/li><li class=\"uabb-info-list-item info-list-item-dynamic3\"><div class=\"uabb-info-list-content-wrapper fl-clearfix uabb-info-list-left\"><a href=\"https:\/\/www.empresanahora.justica.gov.pt\/ENH\/sections\/PT_inicio.html\" class=\"uabb-info-list-link\" target=\"_blank\" rel=\"noopener nofollow\" aria-label=\"Go to https:\/\/www.empresanahora.justica.gov.pt\/ENH\/sections\/PT_inicio.html\"><\/a><div class=\"uabb-info-list-content uabb-info-list-left info-list-content-dynamic3\"><p class=\"uabb-info-list-title\">On the Spot Firm<\/p><\/div><\/div><\/li><li class=\"uabb-info-list-item info-list-item-dynamic4\"><div class=\"uabb-info-list-content-wrapper fl-clearfix uabb-info-list-left\"><a href=\"https:\/\/eportugal.gov.pt\/inicio\/espaco-empresa\" class=\"uabb-info-list-link\" target=\"_blank\" rel=\"noopener nofollow\" aria-label=\"Go to https:\/\/eportugal.gov.pt\/inicio\/espaco-empresa\"><\/a><div class=\"uabb-info-list-content uabb-info-list-left info-list-content-dynamic4\"><p class=\"uabb-info-list-title\">Company Portal<\/p><\/div><\/div><\/li>\t<\/ul>\r\n<\/div>\r\n\t<\/div>\n<\/div>\n<\/div>\n<\/div>\n\t<\/div>\n\t\t<\/div>\n\t<\/div>\n<\/div>\n<\/div><div class=\"uabb-js-breakpoint\" style=\"display: none;\"><\/div>\n\t\t\t\t<img decoding=\"async\" src=\"https:\/\/acticonta.net\/wp-content\/uploads\/2019\/09\/AT-DECLARA2.jpg\" alt=\"Agenda Fiscal\" title=\"AT DECLARA\" itemprop=\"image\">\n\t\t<p>AT Fiscal Schedule<\/p>\t\t\t\n\t\t\t<a href=\"https:\/\/info.portaldasfinancas.gov.pt\/pt\/apoio_contribuinte\/calendario_fiscal\/Pages\/obrigacoes.aspx\" target=\"_blank\" rel=\"&quot;noopener&quot; noopener noreferrer\" role=\"button\">\n\t\t\t\t\t\t\tAccess the website\n\t\t<\/a>\n\t\t\t<h2>We provide the most appropriate service for your company.<\/h2>\t\t\t\n\t\t\t<a href=\"https:\/\/acticonta.net\/en\/contactos\/\" target=\"_self\" role=\"button\" rel=\"noopener noreferrer\">\n\t\t\t\t\t\t\tCONTACT US\n\t\t<\/a>","protected":false},"excerpt":{"rendered":"<p>CONTABILIDADE O nosso servi\u00e7o de Contabilidade GeralAnal\u00edtica A Contabilidade assume um papel vital no sucesso das organiza\u00e7\u00f5es, sendo um importante instrumento financeiro e de gest\u00e3o que auxilia a administra\u00e7\u00e3o no planeamento, controlo e tomada de decis\u00f5es. Na Acticonta executamos a contabilidade conforme os diferentes normativos e enquadramentos contabil\u00edsticos, garantindo um servi\u00e7o de excel\u00eancia, personalizado e [&hellip;]<\/p>","protected":false},"author":4,"featured_media":0,"parent":316,"menu_order":0,"comment_status":"closed","ping_status":"closed","template":"","meta":{"footnotes":""},"class_list":["post-431","page","type-page","status-publish","hentry"],"_links":{"self":[{"href":"https:\/\/acticonta.net\/en\/wp-json\/wp\/v2\/pages\/431","targetHints":{"allow":["GET"]}}],"collection":[{"href":"https:\/\/acticonta.net\/en\/wp-json\/wp\/v2\/pages"}],"about":[{"href":"https:\/\/acticonta.net\/en\/wp-json\/wp\/v2\/types\/page"}],"author":[{"embeddable":true,"href":"https:\/\/acticonta.net\/en\/wp-json\/wp\/v2\/users\/4"}],"replies":[{"embeddable":true,"href":"https:\/\/acticonta.net\/en\/wp-json\/wp\/v2\/comments?post=431"}],"version-history":[{"count":2,"href":"https:\/\/acticonta.net\/en\/wp-json\/wp\/v2\/pages\/431\/revisions"}],"predecessor-version":[{"id":1668,"href":"https:\/\/acticonta.net\/en\/wp-json\/wp\/v2\/pages\/431\/revisions\/1668"}],"up":[{"embeddable":true,"href":"https:\/\/acticonta.net\/en\/wp-json\/wp\/v2\/pages\/316"}],"wp:attachment":[{"href":"https:\/\/acticonta.net\/en\/wp-json\/wp\/v2\/media?parent=431"}],"curies":[{"name":"wp","href":"https:\/\/api.w.org\/{rel}","templated":true}]}}