{"id":468,"date":"2019-01-25T03:29:15","date_gmt":"2019-01-25T03:29:15","guid":{"rendered":"https:\/\/acticonta.net\/?page_id=468"},"modified":"2019-12-08T05:02:45","modified_gmt":"2019-12-08T05:02:45","slug":"links-uteis","status":"publish","type":"page","link":"https:\/\/acticonta.net\/en\/links-uteis\/","title":{"rendered":"Useful Links"},"content":{"rendered":"<h1>\n\t\tUSEFULL LINKS\n\t<\/h1>\n\t<a href=\"https:\/\/www.portaldasfinancas.gov.pt\/pt\/ES\/inicio.action\" target=\"_blank\" rel=\"noopener nofollow noreferrer\"><\/a>\n\t\t\t\t<img decoding=\"async\" src=\"https:\/\/acticonta.net\/wp-content\/uploads\/2019\/09\/Webp.net-resizeimage-2019-09-28T032608.994.jpg\" alt=\"Autoridade Tribut\u00e1ria\" title=\"Autoridade Tribut\u00e1ria\" itemprop=\"image\"\/>\n\t\t<h2>Autoridade Tribut\u00e1ria<\/h2>\t\t\t\n\t\t\t\t<p>Tax Authority<\/p>\n\t<a href=\"https:\/\/www.seg-social.pt\/pedido-de-niss\" target=\"_blank\" rel=\"noopener nofollow noreferrer\"><\/a>\n\t\t\t\t<img decoding=\"async\" src=\"https:\/\/acticonta.net\/wp-content\/uploads\/2019\/09\/Webp.net-resizeimage-2019-09-28T035601.744.jpg\" alt=\"Seguran\u00e7a Social\" title=\"Social Security\" itemprop=\"image\"\/>\n\t\t<h2>Social Security<\/h2>\t\t\t\n\t\t\t\t<p>Social Security  for Companies<\/p>\n\t<a href=\"https:\/\/www.iapmei.pt\/\" target=\"_blank\" rel=\"noopener nofollow noreferrer\"><\/a>\n\t\t\t\t<img decoding=\"async\" src=\"https:\/\/acticonta.net\/wp-content\/uploads\/2019\/09\/Webp.net-resizeimage-2019-09-28T032400.708.jpg\" alt=\"Ag\u00eancia para a Competitividade e Inova\u00e7\u00e3o\" title=\"IAPMEI\" itemprop=\"image\"\/>\n\t\t<h2>IAPMEI<\/h2>\t\t\t\n\t\t\t\t<p>\u00a0\u00a0Competitiveness and Innovation Agency<\/p>\n\t<a href=\"https:\/\/www.empresanahora.justica.gov.pt\" target=\"_blank\" rel=\"noopener nofollow noreferrer\"><\/a>\n\t\t\t\t<img decoding=\"async\" src=\"https:\/\/acticonta.net\/wp-content\/uploads\/2019\/09\/Webp.net-resizeimage-2019-09-28T032931.404.jpg\" alt=\"Empresa na Hora\" title=\"Empresa na Hora\" itemprop=\"image\"\/>\n\t\t<h2>Empresa na Hora<\/h2>\t\t\t\n\t\t\t\t<p>Incorporation of companies<\/p>\n\t<a href=\"https:\/\/www.occ.pt\/pt\/\" target=\"_blank\" rel=\"noopener nofollow noreferrer\"><\/a>\n\t\t\t\t<img decoding=\"async\" src=\"https:\/\/acticonta.net\/wp-content\/uploads\/2019\/10\/occ_novo_vert11.png\" alt=\"occ_logo\" title=\"occ_logo\" itemprop=\"image\"\/>\n\t\t<h2>Ordem dos Contabilistas Certificados<\/h2>\t\t\t\n\t\t\t\t<p>Miscellaneous information for accountants and companies<\/p>\n\t<a href=\"https:\/\/www.spautores.pt\/\" target=\"_blank\" rel=\"noopener nofollow noreferrer\"><\/a>\n\t\t\t\t<img decoding=\"async\" src=\"https:\/\/acticonta.net\/wp-content\/uploads\/2019\/09\/spa_autores_pressrelease_banne1.png\" alt=\"Sociedade Portuguesa de Autores\" title=\"spa autores\" itemprop=\"image\"\/>\n\t\t<h2>Sociedade Portuguesa de Autores<\/h2>\t\t\t\n\t\t\t\t<p>Author's rights Information<\/p>\n\t<a href=\"https:\/\/eportugal.gov.pt\/\" target=\"_blank\" rel=\"noopener nofollow noreferrer\"><\/a>\n\t\t\t\t<img decoding=\"async\" src=\"https:\/\/acticonta.net\/wp-content\/uploads\/2019\/09\/Webp.net-resizeimage-2019-09-28T025655.726.jpg\" alt=\"Servi\u00e7os P\u00fablicos para empresas e cidad\u00e3os\" title=\"eportugal\" itemprop=\"image\"\/>\n\t\t<h2>Portal do Cidad\u00e3o<\/h2>\t\t\t\n\t\t\t\t<p>Public services and information for the citizen<\/p>\n\t<a href=\"https:\/\/www.fundoscompensacao.pt\/o-fct\" target=\"_blank\" rel=\"noopener nofollow noreferrer\"><\/a>\n\t\t\t\t<img decoding=\"async\" src=\"https:\/\/acticonta.net\/wp-content\/uploads\/2019\/10\/fct-logo_jpg1.jpg\" alt=\"fct-logo\" title=\"fct-logo\" itemprop=\"image\"\/>\n\t\t<h2>Fundo Compensa\u00e7\u00e3o do Trabalho<\/h2>\t\t\t\n\t\t\t\t<p>Information on compensation for termination of employment<\/p>\n\t<a href=\"https:\/\/www.irn.mj.pt\/sections\/empresas\" target=\"_blank\" rel=\"noopener nofollow noreferrer\"><\/a>\n\t\t\t\t<img decoding=\"async\" src=\"https:\/\/acticonta.net\/wp-content\/uploads\/2019\/09\/Webp.net-resizeimage-2019-09-28T032137.392.jpg\" alt=\"Instituto dos registos e notariado\" title=\"irn\" itemprop=\"image\"\/>\n\t\t<h2>IRN<\/h2>\t\t\t\n\t\t\t\t<p>Registries and Notary<\/p>\n\t<a href=\"https:\/\/www.bportugal.pt\/area-empresa\" target=\"_blank\" rel=\"noopener nofollow noreferrer\"><\/a>\n\t\t\t\t<img decoding=\"async\" src=\"https:\/\/acticonta.net\/wp-content\/uploads\/2019\/09\/Webp.net-resizeimage-2019-09-28T031239.852.jpg\" alt=\"Banco de Portugal\" title=\"Banco de Portugal\" itemprop=\"image\"\/>\n\t\t<h2>Banco de Portugal<\/h2>\t\t\t\n\t\t\t\t<p>Portugal's bank services for business<\/p>\n\t<a href=\"https:\/\/iefponline.iefp.pt\" target=\"_blank\" rel=\"noopener nofollow noreferrer\"><\/a>\n\t\t\t\t<img decoding=\"async\" src=\"https:\/\/acticonta.net\/wp-content\/uploads\/2019\/09\/Webp.net-resizeimage-2019-09-28T030637.642.jpg\" alt=\"Instituto de Emprego e Forma\u00e7\u00e3o Profissional\" title=\"IEFP\" itemprop=\"image\"\/>\n\t\t<h2>IEFP<\/h2>\t\t\t\n\t\t\t\t<p>Institute of Employment and Professional Training<\/p>\n\t<a href=\"https:\/\/eportugal.gov.pt\/inicio\/espaco-empresa\" target=\"_blank\" rel=\"noopener nofollow noreferrer\"><\/a>\n\t\t\t\t<img decoding=\"async\" src=\"https:\/\/acticonta.net\/wp-content\/uploads\/2019\/09\/Webp.net-resizeimage-2019-09-28T025655.726.jpg\" alt=\"Servi\u00e7os P\u00fablicos para empresas e cidad\u00e3os\" title=\"eportugal\" itemprop=\"image\"\/>\n\t\t<h2>Company Portal<\/h2>\t\t\t\n\t\t\t\t<p>Business Creation and Management<\/p>\n\t<a href=\"https:\/\/www.citius.mj.pt\" target=\"_blank\" rel=\"noopener nofollow noreferrer\"><\/a>\n\t\t\t\t<img decoding=\"async\" src=\"https:\/\/acticonta.net\/wp-content\/uploads\/2019\/09\/citius2.jpg\" alt=\"Minist\u00e9rio da Justi\u00e7a\" title=\"citius-logo\" itemprop=\"image\"\/>\n\t\t<h2>Minist\u00e9rio da Justi\u00e7a<\/h2>\t\t\t\n\t\t\t\t<p>Legal Information<\/p>\n\t<a href=\"https:\/\/www.ine.pt\/xportal\/xmain?xpgid=ine_tema&amp;xpid=INE&amp;tema_cod=1313&amp;xlang=pt\" target=\"_blank\" rel=\"noopener nofollow noreferrer\"><\/a>\n\t\t\t\t<img decoding=\"async\" src=\"https:\/\/acticonta.net\/wp-content\/uploads\/2019\/09\/Webp.net-resizeimage-2019-09-28T030307.840.jpg\" alt=\"Instituto Nacional de Estat\u00edstica\" title=\"INE\" itemprop=\"image\"\/>\n\t\t<h2>Instituto Nacional de Estat\u00edstica<\/h2>\t\t\t\n\t\t\t\t<p>Business and other statistical information<\/p>\n\t<a href=\"https:\/\/ec.europa.eu\/info\/index_pt\" target=\"_blank\" rel=\"noopener nofollow noreferrer\"><\/a>\n\t\t\t\t<img decoding=\"async\" src=\"https:\/\/acticonta.net\/wp-content\/uploads\/2019\/09\/Webp.net-resizeimage-2019-09-28T030940.256.jpg\" alt=\"Comiss\u00e3o Europeia\" title=\"Comiss\u00e3o Europeia\" itemprop=\"image\"\/>\n\t\t<h2>Comiss\u00e3o Europeia<\/h2>\t\t\t\n\t\t\t\t<p>Business information at EU level<\/p>\n\t<a href=\"https:\/\/www.livroreclamacoes.pt\/\" target=\"_blank\" rel=\"noopener nofollow noreferrer\"><\/a>\n\t\t\t\t<img decoding=\"async\" src=\"https:\/\/acticonta.net\/wp-content\/uploads\/2019\/09\/Webp.net-resizeimage-2019-09-28T031636.860.jpg\" alt=\"Livro de Reclama\u00e7\u00f5es Eletr\u00f3nico\" title=\"Livro de Reclama\u00e7\u00f5es Eletr\u00f3nico\" itemprop=\"image\"\/>\n\t\t<h2>Reclama\u00e7\u00f5es Eletr\u00f3nicas<\/h2>\t\t\t\n\t\t\t\t<p>Complaints and information related to essential public services<\/p>","protected":false},"excerpt":{"rendered":"<p>LINKS \u00daTEIS Autoridade Tribut\u00e1ria Finan\u00e7as Seguran\u00e7a Social Seguran\u00e7a Social Empresas IAPMEI \u00a0Ag\u00eancia para a Competitividade e Inova\u00e7\u00e3o Empresa na Hora Constitui\u00e7\u00e3o de Empresas Ordem dos Contabilistas Certificados Informa\u00e7\u00e3o diversa para contabilistas e empresas Sociedade Portuguesa de Autores Informa\u00e7\u00e3o relativa a direitos de autor Portal do Cidad\u00e3o Servi\u00e7os p\u00fablicos e informa\u00e7\u00f5es para o cidad\u00e3o Fundo Compensa\u00e7\u00e3o [&hellip;]<\/p>","protected":false},"author":4,"featured_media":0,"parent":0,"menu_order":0,"comment_status":"closed","ping_status":"closed","template":"","meta":{"footnotes":""},"class_list":["post-468","page","type-page","status-publish","hentry"],"_links":{"self":[{"href":"https:\/\/acticonta.net\/en\/wp-json\/wp\/v2\/pages\/468","targetHints":{"allow":["GET"]}}],"collection":[{"href":"https:\/\/acticonta.net\/en\/wp-json\/wp\/v2\/pages"}],"about":[{"href":"https:\/\/acticonta.net\/en\/wp-json\/wp\/v2\/types\/page"}],"author":[{"embeddable":true,"href":"https:\/\/acticonta.net\/en\/wp-json\/wp\/v2\/users\/4"}],"replies":[{"embeddable":true,"href":"https:\/\/acticonta.net\/en\/wp-json\/wp\/v2\/comments?post=468"}],"version-history":[{"count":0,"href":"https:\/\/acticonta.net\/en\/wp-json\/wp\/v2\/pages\/468\/revisions"}],"wp:attachment":[{"href":"https:\/\/acticonta.net\/en\/wp-json\/wp\/v2\/media?parent=468"}],"curies":[{"name":"wp","href":"https:\/\/api.w.org\/{rel}","templated":true}]}}