{"id":519,"date":"2019-01-27T03:05:39","date_gmt":"2019-01-27T03:05:39","guid":{"rendered":"https:\/\/acticonta.net\/?page_id=519"},"modified":"2020-03-09T13:18:50","modified_gmt":"2020-03-09T13:18:50","slug":"assessoria-fiscal","status":"publish","type":"page","link":"https:\/\/acticonta.net\/en\/servicos\/assessoria-fiscal\/","title":{"rendered":"Tax Advisory"},"content":{"rendered":"<h1>\n\t\tTAX ADVISORY\n\t<\/h1>\n\t<h2 class=\"translation-block\" ><span class=\"uabb-first-heading-text\">Our<\/span>\n<span class=\"uabb-second-heading-text\">Tax Advisory<\/span> \t<span class=\"uabb-first-heading-text\">Service<\/span><\/h2>\n\tTax advice is crucial in all organizations, especially in terms of timely compliance with all tax obligations, thus avoiding unnecessary financial constraints.<br \/>\nGiven these needs, Acticonta has at your disposal a team of qualified professionals to give clear and effective answers, depending on the needs of each customer.\n\t\t<h3><strong>Who is it for?<\/strong><\/h3>\t\t\t\n\t\t\t\t<ul>\n<li>All types of companies, such as public limited companies and limited liability companies;<\/li>\n<li>Individual entrepreneurs and self-employed professionals with organized accounting and Simplified Regime.<\/li>\n<\/ul>\n\t\t<h3><strong>Benefits<\/strong><\/h3>\t\t\t\n\t\t\t\t<ul>\n<li>Assessment of proper compliance with corporate tax obligations;<\/li>\n<li>Advisory, prevention and fiscal framework advice<\/li>\n<li>Efficient and timely fiscal follow-up thus eliminating present and future risks;<\/li>\n<li>Identification of early solutions through proactive diagnostics.<\/li>\n<\/ul>\n\t\t<h3><strong>Tax Advisory service activities<\/strong><\/h3>\t\t\t\n\t<ul>\n<li><\/li>\n<li>Periodic tax information with relevant legislative changes;<\/li>\n<li>Information and advice to companies on tax, parafiscal and accounting matters;<\/li>\n<li>Periodic estimates of the amount of income tax payable;<\/li>\n<li>Support in reviewing tax returns;<\/li>\n<li>Support for deferred tax calculation;<\/li>\n<li>Support to the elaboration of information to include in the IES;<\/li>\n<li>Support and follow up on tax inspections;<\/li>\n<li>Support to the elaboration of VAT refund processes.<\/li>\n<\/ul>\n\t<div class=\"fl-builder-content fl-builder-content-436 fl-builder-template fl-builder-row-template fl-builder-global-templates-locked\" data-post-id=\"436\"><div class=\"fl-row fl-row-fixed-width fl-row-bg-none fl-node-5c497e8b1dade fl-row-default-height fl-row-align-center\" data-node=\"5c497e8b1dade\">\n\t<div class=\"fl-row-content-wrap\">\n\t\t\t\t\t\t\t\t<div class=\"fl-row-content fl-row-fixed-width fl-node-content\">\n\t\t\n<div class=\"fl-col-group fl-node-5c497e8b1dd5f\" data-node=\"5c497e8b1dd5f\">\n\t\t\t<div class=\"fl-col fl-node-5c497e8b1dded fl-col-bg-color\" data-node=\"5c497e8b1dded\">\n\t<div class=\"fl-col-content fl-node-content\"><div class=\"fl-module fl-module-rich-text fl-node-5c498217c84cf\" data-node=\"5c498217c84cf\">\n\t<div class=\"fl-module-content fl-node-content\">\n\t\t<div class=\"fl-rich-text\">\n\t<h2><span style=\"color: #063579;\"><a style=\"color: #063579;\" href=\"https:\/\/acticonta.net\/en\/servicos\/\"><strong>Acticonta Services<\/strong><\/a><\/span><\/h2>\n<h2><\/h2>\n<\/div>\n\t<\/div>\n<\/div>\n<div class=\"fl-module fl-module-info-list fl-node-5c49820c892d1 swititemmenu\" data-node=\"5c49820c892d1\">\n\t<div class=\"fl-module-content fl-node-content\">\n\t\t\r\n<div class=\"uabb-module-content uabb-info-list\">\r\n\t<ul class=\"uabb-info-list-wrapper uabb-info-list-left\">\r\n\t\t<li class=\"uabb-info-list-item info-list-item-dynamic0\"><div class=\"uabb-info-list-content-wrapper fl-clearfix uabb-info-list-left\"><a href=\"https:\/\/acticonta.net\/en\/servicos\/contabilidade\/\" class=\"uabb-info-list-link\" target=\"_self\"  aria-label=\"Go to https:\/\/acticonta.net\/servicos\/contabilidade\/\"><\/a><div class=\"uabb-info-list-icon info-list-icon-dynamic0\"><div class=\"uabb-module-content uabb-imgicon-wrap\">\t\t\t\t<span class=\"uabb-icon-wrap\">\r\n\t\t\t<span class=\"uabb-icon\">\r\n\t\t\t\t<i class=\"ua-icon ua-icon-calculator\"><\/i>\r\n\t\t\t<\/span>\r\n\t\t<\/span>\r\n\t\r\n\t\t<\/div><\/div><div class=\"uabb-info-list-content uabb-info-list-left info-list-content-dynamic0\"><h3 class=\"uabb-info-list-title\">Accounting<\/h3><\/div><\/div><div class=\"uabb-info-list-connector-top uabb-info-list-left\"><\/div><div class=\"uabb-info-list-connector uabb-info-list-left\"><\/div><\/li><li class=\"uabb-info-list-item info-list-item-dynamic1\"><div class=\"uabb-info-list-content-wrapper fl-clearfix uabb-info-list-left\"><a href=\"https:\/\/acticonta.net\/en\/servicos\/assessoria-fiscal\/\" class=\"uabb-info-list-link\" target=\"_self\"  aria-label=\"Go to https:\/\/acticonta.net\/servicos\/assessoria-fiscal\/\"><\/a><div class=\"uabb-info-list-icon info-list-icon-dynamic1\"><div class=\"uabb-module-content uabb-imgicon-wrap\">\t\t\t\t<span class=\"uabb-icon-wrap\">\r\n\t\t\t<span class=\"uabb-icon\">\r\n\t\t\t\t<i class=\"ua-icon ua-icon-credit\"><\/i>\r\n\t\t\t<\/span>\r\n\t\t<\/span>\r\n\t\r\n\t\t<\/div><\/div><div class=\"uabb-info-list-content uabb-info-list-left info-list-content-dynamic1\"><h3 class=\"uabb-info-list-title\">Tax Advisory<\/h3><\/div><\/div><div class=\"uabb-info-list-connector-top uabb-info-list-left\"><\/div><div class=\"uabb-info-list-connector uabb-info-list-left\"><\/div><\/li><li class=\"uabb-info-list-item info-list-item-dynamic2\"><div class=\"uabb-info-list-content-wrapper fl-clearfix uabb-info-list-left\"><a href=\"https:\/\/acticonta.net\/en\/servicos\/recursos-humanos\/\" class=\"uabb-info-list-link\" target=\"_self\"  aria-label=\"Go to https:\/\/acticonta.net\/servicos\/recursos-humanos\/\"><\/a><div class=\"uabb-info-list-icon info-list-icon-dynamic2\"><div class=\"uabb-module-content uabb-imgicon-wrap\">\t\t\t\t<span class=\"uabb-icon-wrap\">\r\n\t\t\t<span class=\"uabb-icon\">\r\n\t\t\t\t<i class=\"ua-icon ua-icon-users2\"><\/i>\r\n\t\t\t<\/span>\r\n\t\t<\/span>\r\n\t\r\n\t\t<\/div><\/div><div class=\"uabb-info-list-content uabb-info-list-left info-list-content-dynamic2\"><h3 class=\"uabb-info-list-title\">Human Resources<\/h3><\/div><\/div><div class=\"uabb-info-list-connector-top uabb-info-list-left\"><\/div><div class=\"uabb-info-list-connector uabb-info-list-left\"><\/div><\/li><li class=\"uabb-info-list-item info-list-item-dynamic3\"><div class=\"uabb-info-list-content-wrapper fl-clearfix uabb-info-list-left\"><a href=\"https:\/\/acticonta.net\/en\/servicos\/direitos-autor\/\" class=\"uabb-info-list-link\" target=\"_self\"  aria-label=\"Go to https:\/\/acticonta.net\/servicos\/direitos-autor\/\"><\/a><div class=\"uabb-info-list-icon info-list-icon-dynamic3\"><div class=\"uabb-module-content uabb-imgicon-wrap\">\t\t\t\t<span class=\"uabb-icon-wrap\">\r\n\t\t\t<span class=\"uabb-icon\">\r\n\t\t\t\t<i class=\"far fa-copyright\"><\/i>\r\n\t\t\t<\/span>\r\n\t\t<\/span>\r\n\t\r\n\t\t<\/div><\/div><div class=\"uabb-info-list-content uabb-info-list-left info-list-content-dynamic3\"><h3 class=\"uabb-info-list-title\">Author's rights<\/h3><\/div><\/div><div class=\"uabb-info-list-connector-top uabb-info-list-left\"><\/div><div class=\"uabb-info-list-connector uabb-info-list-left\"><\/div><\/li>\t<\/ul>\r\n<\/div>\r\n\t<\/div>\n<\/div>\n<div class=\"fl-module fl-module-rich-text fl-node-5d91f18022451\" data-node=\"5d91f18022451\">\n\t<div class=\"fl-module-content fl-node-content\">\n\t\t<div class=\"fl-rich-text\">\n\t<p><span style=\"color: #063579;\"><a style=\"color: #063579;\" href=\"https:\/\/acticonta.net\/en\/linksuteis\/\"><strong>Useful links<\/strong><\/a><\/span><\/p>\n<\/div>\n\t<\/div>\n<\/div>\n<div class=\"fl-module fl-module-info-list fl-node-5d8ccd0f2a181 swititemmenu  swit-link-util\" data-node=\"5d8ccd0f2a181\">\n\t<div class=\"fl-module-content fl-node-content\">\n\t\t\r\n<div class=\"uabb-module-content uabb-info-list\">\r\n\t<ul class=\"uabb-info-list-wrapper uabb-info-list-left\">\r\n\t\t<li class=\"uabb-info-list-item info-list-item-dynamic0\"><div class=\"uabb-info-list-content-wrapper fl-clearfix uabb-info-list-left\"><a href=\"https:\/\/www.portaldasfinancas.gov.pt\/at\/html\/index.html\" class=\"uabb-info-list-link\" target=\"_blank\" rel=\"noopener nofollow\" aria-label=\"Go to https:\/\/www.portaldasfinancas.gov.pt\/at\/html\/index.html\"><\/a><div class=\"uabb-info-list-content uabb-info-list-left info-list-content-dynamic0\"><p class=\"uabb-info-list-title\">AT - Autoridade Tribut\u00e1ria (Tax authority)<\/p><\/div><\/div><\/li><li class=\"uabb-info-list-item info-list-item-dynamic1\"><div class=\"uabb-info-list-content-wrapper fl-clearfix uabb-info-list-left\"><a href=\"https:\/\/www.seg-social.pt\/empresa#\" class=\"uabb-info-list-link\" target=\"_blank\" rel=\"noopener nofollow\" aria-label=\"Go to https:\/\/www.seg-social.pt\/empresa#\"><\/a><div class=\"uabb-info-list-content uabb-info-list-left info-list-content-dynamic1\"><p class=\"uabb-info-list-title\">Social Security<\/p><\/div><\/div><\/li><li class=\"uabb-info-list-item info-list-item-dynamic2\"><div class=\"uabb-info-list-content-wrapper fl-clearfix uabb-info-list-left\"><a href=\"https:\/\/www.iapmei.pt\/\" class=\"uabb-info-list-link\" target=\"_blank\" rel=\"noopener nofollow\" aria-label=\"Go to https:\/\/www.iapmei.pt\/\"><\/a><div class=\"uabb-info-list-content uabb-info-list-left info-list-content-dynamic2\"><p class=\"uabb-info-list-title\">IAPMEI<\/p><\/div><\/div><\/li><li class=\"uabb-info-list-item info-list-item-dynamic3\"><div class=\"uabb-info-list-content-wrapper fl-clearfix uabb-info-list-left\"><a href=\"https:\/\/www.empresanahora.justica.gov.pt\/ENH\/sections\/PT_inicio.html\" class=\"uabb-info-list-link\" target=\"_blank\" rel=\"noopener nofollow\" aria-label=\"Go to https:\/\/www.empresanahora.justica.gov.pt\/ENH\/sections\/PT_inicio.html\"><\/a><div class=\"uabb-info-list-content uabb-info-list-left info-list-content-dynamic3\"><p class=\"uabb-info-list-title\">On the Spot Firm<\/p><\/div><\/div><\/li><li class=\"uabb-info-list-item info-list-item-dynamic4\"><div class=\"uabb-info-list-content-wrapper fl-clearfix uabb-info-list-left\"><a href=\"https:\/\/eportugal.gov.pt\/inicio\/espaco-empresa\" class=\"uabb-info-list-link\" target=\"_blank\" rel=\"noopener nofollow\" aria-label=\"Go to https:\/\/eportugal.gov.pt\/inicio\/espaco-empresa\"><\/a><div class=\"uabb-info-list-content uabb-info-list-left info-list-content-dynamic4\"><p class=\"uabb-info-list-title\">Company Portal<\/p><\/div><\/div><\/li>\t<\/ul>\r\n<\/div>\r\n\t<\/div>\n<\/div>\n<\/div>\n<\/div>\n\t<\/div>\n\t\t<\/div>\n\t<\/div>\n<\/div>\n<\/div><div class=\"uabb-js-breakpoint\" style=\"display: none;\"><\/div>\n\t\t\t\t<img decoding=\"async\" src=\"https:\/\/acticonta.net\/wp-content\/uploads\/2019\/09\/AT-DECLARA2.jpg\" alt=\"Agenda Fiscal\" title=\"AT DECLARA\" itemprop=\"image\"\/>\n\t\t<p>AT Fiscal Schedule<\/p>\t\t\t\n\t\t\t<a href=\"https:\/\/info.portaldasfinancas.gov.pt\/pt\/apoio_contribuinte\/calendario_fiscal\/Pages\/obrigacoes.aspx\" target=\"_blank\" rel=\"&quot;noopener&quot; noopener noreferrer\" role=\"button\">\n\t\t\t\t\t\t\tAccess the website\n\t\t<\/a>\n\t\t\t<h2>We provide the most appropriate service for your company.<\/h2>\t\t\t\n\t\t\t<a href=\"https:\/\/acticonta.net\/en\/contactos\/\" target=\"_self\" role=\"button\" rel=\"noopener noreferrer\">\n\t\t\t\t\t\t\tCONTACT US\n\t\t<\/a>","protected":false},"excerpt":{"rendered":"<p>ASSESSORIA FISCAL O nosso servi\u00e7o de Assessoria Fiscal A Assessoria Fiscal \u00e9 crucial em todas as organiza\u00e7\u00f5es, principalmente ao n\u00edvel do cumprimento atempado de todas as obriga\u00e7\u00f5es fiscais evitando desta forma constrangimentos financeiros desnecess\u00e1rios. Atendendo a estas necessidades, a Acticonta tem ao vosso dispor uma equipa de profissionais qualificados para dar respostas claras e efetivas, [&hellip;]<\/p>","protected":false},"author":4,"featured_media":0,"parent":316,"menu_order":0,"comment_status":"closed","ping_status":"closed","template":"","meta":{"footnotes":""},"class_list":["post-519","page","type-page","status-publish","hentry"],"_links":{"self":[{"href":"https:\/\/acticonta.net\/en\/wp-json\/wp\/v2\/pages\/519","targetHints":{"allow":["GET"]}}],"collection":[{"href":"https:\/\/acticonta.net\/en\/wp-json\/wp\/v2\/pages"}],"about":[{"href":"https:\/\/acticonta.net\/en\/wp-json\/wp\/v2\/types\/page"}],"author":[{"embeddable":true,"href":"https:\/\/acticonta.net\/en\/wp-json\/wp\/v2\/users\/4"}],"replies":[{"embeddable":true,"href":"https:\/\/acticonta.net\/en\/wp-json\/wp\/v2\/comments?post=519"}],"version-history":[{"count":2,"href":"https:\/\/acticonta.net\/en\/wp-json\/wp\/v2\/pages\/519\/revisions"}],"predecessor-version":[{"id":1673,"href":"https:\/\/acticonta.net\/en\/wp-json\/wp\/v2\/pages\/519\/revisions\/1673"}],"up":[{"embeddable":true,"href":"https:\/\/acticonta.net\/en\/wp-json\/wp\/v2\/pages\/316"}],"wp:attachment":[{"href":"https:\/\/acticonta.net\/en\/wp-json\/wp\/v2\/media?parent=519"}],"curies":[{"name":"wp","href":"https:\/\/api.w.org\/{rel}","templated":true}]}}