{"id":522,"date":"2019-01-27T03:10:38","date_gmt":"2019-01-27T03:10:38","guid":{"rendered":"https:\/\/acticonta.net\/?page_id=522"},"modified":"2020-02-22T18:01:44","modified_gmt":"2020-02-22T18:01:44","slug":"recursos-humanos","status":"publish","type":"page","link":"https:\/\/acticonta.net\/en\/servicos\/recursos-humanos\/","title":{"rendered":"Human Resources"},"content":{"rendered":"<h1>\n\t\tHUMAN RESOURCES\n\t<\/h1>\n\t<h2 class=\"translation-block\" ><span class=\"uabb-first-heading-text\">Our <\/span><span class=\"uabb-second-heading-text\">Human Resources <\/span><span class=\"uabb-first-heading-text\">Service<\/span><\/h2>\n\t<p>Because we know that the management of the Human Resources area is one of the most complex and bureaucratic in the daily life of organizations, we have at your disposal specialized support and always available, to respond in the best way and to meet legal regulations, according to the specificities of each customer.<\/p>\n\t\t<h3><strong>Who is it for?<\/strong><\/h3>\t\t\t\n\t\t\t\t<p>All types of business activities such as public limited companies, private limited companies and self-employed professionals.<\/p>\n\t\t<h3><strong>Benefits<\/strong><\/h3>\t\t\t\n\t\t\t\t<ul>\n<li>Cost and resource optimization<\/li>\n<li>Compliance with legal and tax obligations, maintaining high levels of efficiency;<\/li>\n<li>Permanent information on changes to labor legislation;<\/li>\n<li>Support in hiring and termination of contracts.<\/li>\n<\/ul>\n\t\t<h3><strong>Human Resources service activities<\/strong><\/h3>\t\t\t\n\t<ul>\n<li><\/li>\n<li>Support in the admission and \/ or termination of workers to the Official Entities (Social Security and FCT);<\/li>\n<li>Maintenance of the register of personnel in computer support;<\/li>\n<li>Calculation of the amount payable for hiring and termination of employment;<\/li>\n<li>Monthly remuneration processing that includes:\n<ul>\n<li>Preparation of salary statement;<\/li>\n<li>Preparation of file with wage payments ;<\/li>\n<li>Submission and sending of salary receipts to employees;<\/li>\n<li>Preparation and submission of monthly statements:\n<ul>\n<li>Social Security Remuneration Statement (DRI);<\/li>\n<li>Statement of remuneration of the Tax Authority (DMR);<\/li>\n<\/ul>\n<\/li>\n<li>Communication of the amount due for payment of the Single Social Tax;<\/li>\n<li>Monthly issuance of salary processing summary map;<\/li>\n<\/ul>\n<\/li>\n<\/ul>\n\t<ul>\n<li>\n<ul>\n<li>Issuance of guides for payment of contributions and taxes: Multi tax, FCT, Social Security;<\/li>\n<li>Handling and management control of liens on employees' salaries<\/li>\n<li>Control of payment of holiday allowance, vacation, Christmas allowance, and control of absences and sick leave. Monitoring compliance with legal requirements applicable to employee vacation management;<\/li>\n<li>Issuance and sending of the Remuneration Map to the Insurer for the purpose of accidents at work insurance, and Union, if any;<\/li>\n<li>Labor support, in the perspective of clarifying doubts related to labor relations;<\/li>\n<li>Preparation and submission of Model 10 Declaration and Individual Income Statements;<\/li>\n<li>Issuance of each employee's annual income tax return (IRS);<\/li>\n<li>Preparation and submission of the Single Report.<\/li>\n<\/ul>\n<\/li>\n<\/ul>\n\t<div class=\"fl-builder-content fl-builder-content-436 fl-builder-template fl-builder-row-template fl-builder-global-templates-locked\" data-post-id=\"436\"><div class=\"fl-row fl-row-fixed-width fl-row-bg-none fl-node-5c497e8b1dade fl-row-default-height fl-row-align-center\" data-node=\"5c497e8b1dade\">\n\t<div class=\"fl-row-content-wrap\">\n\t\t\t\t\t\t\t\t<div class=\"fl-row-content fl-row-fixed-width fl-node-content\">\n\t\t\n<div class=\"fl-col-group fl-node-5c497e8b1dd5f\" data-node=\"5c497e8b1dd5f\">\n\t\t\t<div class=\"fl-col fl-node-5c497e8b1dded fl-col-bg-color\" data-node=\"5c497e8b1dded\">\n\t<div class=\"fl-col-content fl-node-content\"><div class=\"fl-module fl-module-rich-text fl-node-5c498217c84cf\" data-node=\"5c498217c84cf\">\n\t<div class=\"fl-module-content fl-node-content\">\n\t\t<div class=\"fl-rich-text\">\n\t<h2><span style=\"color: #063579;\"><a style=\"color: #063579;\" href=\"https:\/\/acticonta.net\/en\/servicos\/\"><strong>Acticonta Services<\/strong><\/a><\/span><\/h2>\n<h2><\/h2>\n<\/div>\n\t<\/div>\n<\/div>\n<div class=\"fl-module fl-module-info-list fl-node-5c49820c892d1 swititemmenu\" data-node=\"5c49820c892d1\">\n\t<div class=\"fl-module-content fl-node-content\">\n\t\t\r\n<div class=\"uabb-module-content uabb-info-list\">\r\n\t<ul class=\"uabb-info-list-wrapper uabb-info-list-left\">\r\n\t\t<li class=\"uabb-info-list-item info-list-item-dynamic0\"><div class=\"uabb-info-list-content-wrapper fl-clearfix uabb-info-list-left\"><a href=\"https:\/\/acticonta.net\/en\/servicos\/contabilidade\/\" class=\"uabb-info-list-link\" target=\"_self\"  aria-label=\"Go to https:\/\/acticonta.net\/servicos\/contabilidade\/\"><\/a><div class=\"uabb-info-list-icon info-list-icon-dynamic0\"><div class=\"uabb-module-content uabb-imgicon-wrap\">\t\t\t\t<span class=\"uabb-icon-wrap\">\r\n\t\t\t<span class=\"uabb-icon\">\r\n\t\t\t\t<i class=\"ua-icon ua-icon-calculator\"><\/i>\r\n\t\t\t<\/span>\r\n\t\t<\/span>\r\n\t\r\n\t\t<\/div><\/div><div class=\"uabb-info-list-content uabb-info-list-left info-list-content-dynamic0\"><h3 class=\"uabb-info-list-title\">Accounting<\/h3><\/div><\/div><div class=\"uabb-info-list-connector-top uabb-info-list-left\"><\/div><div class=\"uabb-info-list-connector uabb-info-list-left\"><\/div><\/li><li class=\"uabb-info-list-item info-list-item-dynamic1\"><div class=\"uabb-info-list-content-wrapper fl-clearfix uabb-info-list-left\"><a href=\"https:\/\/acticonta.net\/en\/servicos\/assessoria-fiscal\/\" class=\"uabb-info-list-link\" target=\"_self\"  aria-label=\"Go to https:\/\/acticonta.net\/servicos\/assessoria-fiscal\/\"><\/a><div class=\"uabb-info-list-icon info-list-icon-dynamic1\"><div class=\"uabb-module-content uabb-imgicon-wrap\">\t\t\t\t<span class=\"uabb-icon-wrap\">\r\n\t\t\t<span class=\"uabb-icon\">\r\n\t\t\t\t<i class=\"ua-icon ua-icon-credit\"><\/i>\r\n\t\t\t<\/span>\r\n\t\t<\/span>\r\n\t\r\n\t\t<\/div><\/div><div class=\"uabb-info-list-content uabb-info-list-left info-list-content-dynamic1\"><h3 class=\"uabb-info-list-title\">Tax Advisory<\/h3><\/div><\/div><div class=\"uabb-info-list-connector-top uabb-info-list-left\"><\/div><div class=\"uabb-info-list-connector uabb-info-list-left\"><\/div><\/li><li class=\"uabb-info-list-item info-list-item-dynamic2\"><div class=\"uabb-info-list-content-wrapper fl-clearfix uabb-info-list-left\"><a href=\"https:\/\/acticonta.net\/en\/servicos\/recursos-humanos\/\" class=\"uabb-info-list-link\" target=\"_self\"  aria-label=\"Go to https:\/\/acticonta.net\/servicos\/recursos-humanos\/\"><\/a><div class=\"uabb-info-list-icon info-list-icon-dynamic2\"><div class=\"uabb-module-content uabb-imgicon-wrap\">\t\t\t\t<span class=\"uabb-icon-wrap\">\r\n\t\t\t<span class=\"uabb-icon\">\r\n\t\t\t\t<i class=\"ua-icon ua-icon-users2\"><\/i>\r\n\t\t\t<\/span>\r\n\t\t<\/span>\r\n\t\r\n\t\t<\/div><\/div><div class=\"uabb-info-list-content uabb-info-list-left info-list-content-dynamic2\"><h3 class=\"uabb-info-list-title\">Human Resources<\/h3><\/div><\/div><div class=\"uabb-info-list-connector-top uabb-info-list-left\"><\/div><div class=\"uabb-info-list-connector uabb-info-list-left\"><\/div><\/li><li class=\"uabb-info-list-item info-list-item-dynamic3\"><div class=\"uabb-info-list-content-wrapper fl-clearfix uabb-info-list-left\"><a href=\"https:\/\/acticonta.net\/en\/servicos\/direitos-autor\/\" class=\"uabb-info-list-link\" target=\"_self\"  aria-label=\"Go to https:\/\/acticonta.net\/servicos\/direitos-autor\/\"><\/a><div class=\"uabb-info-list-icon info-list-icon-dynamic3\"><div class=\"uabb-module-content uabb-imgicon-wrap\">\t\t\t\t<span class=\"uabb-icon-wrap\">\r\n\t\t\t<span class=\"uabb-icon\">\r\n\t\t\t\t<i class=\"far fa-copyright\"><\/i>\r\n\t\t\t<\/span>\r\n\t\t<\/span>\r\n\t\r\n\t\t<\/div><\/div><div class=\"uabb-info-list-content uabb-info-list-left info-list-content-dynamic3\"><h3 class=\"uabb-info-list-title\">Author's rights<\/h3><\/div><\/div><div class=\"uabb-info-list-connector-top uabb-info-list-left\"><\/div><div class=\"uabb-info-list-connector uabb-info-list-left\"><\/div><\/li>\t<\/ul>\r\n<\/div>\r\n\t<\/div>\n<\/div>\n<div class=\"fl-module fl-module-rich-text fl-node-5d91f18022451\" data-node=\"5d91f18022451\">\n\t<div class=\"fl-module-content fl-node-content\">\n\t\t<div class=\"fl-rich-text\">\n\t<p><span style=\"color: #063579;\"><a style=\"color: #063579;\" href=\"https:\/\/acticonta.net\/en\/linksuteis\/\"><strong>Useful links<\/strong><\/a><\/span><\/p>\n<\/div>\n\t<\/div>\n<\/div>\n<div class=\"fl-module fl-module-info-list fl-node-5d8ccd0f2a181 swititemmenu  swit-link-util\" data-node=\"5d8ccd0f2a181\">\n\t<div class=\"fl-module-content fl-node-content\">\n\t\t\r\n<div class=\"uabb-module-content uabb-info-list\">\r\n\t<ul class=\"uabb-info-list-wrapper uabb-info-list-left\">\r\n\t\t<li class=\"uabb-info-list-item info-list-item-dynamic0\"><div class=\"uabb-info-list-content-wrapper fl-clearfix uabb-info-list-left\"><a href=\"https:\/\/www.portaldasfinancas.gov.pt\/at\/html\/index.html\" class=\"uabb-info-list-link\" target=\"_blank\" rel=\"noopener nofollow\" aria-label=\"Go to https:\/\/www.portaldasfinancas.gov.pt\/at\/html\/index.html\"><\/a><div class=\"uabb-info-list-content uabb-info-list-left info-list-content-dynamic0\"><p class=\"uabb-info-list-title\">AT - Autoridade Tribut\u00e1ria (Tax authority)<\/p><\/div><\/div><\/li><li class=\"uabb-info-list-item info-list-item-dynamic1\"><div class=\"uabb-info-list-content-wrapper fl-clearfix uabb-info-list-left\"><a href=\"https:\/\/www.seg-social.pt\/empresa#\" class=\"uabb-info-list-link\" target=\"_blank\" rel=\"noopener nofollow\" aria-label=\"Go to https:\/\/www.seg-social.pt\/empresa#\"><\/a><div class=\"uabb-info-list-content uabb-info-list-left info-list-content-dynamic1\"><p class=\"uabb-info-list-title\">Social Security<\/p><\/div><\/div><\/li><li class=\"uabb-info-list-item info-list-item-dynamic2\"><div class=\"uabb-info-list-content-wrapper fl-clearfix uabb-info-list-left\"><a href=\"https:\/\/www.iapmei.pt\/\" class=\"uabb-info-list-link\" target=\"_blank\" rel=\"noopener nofollow\" aria-label=\"Go to https:\/\/www.iapmei.pt\/\"><\/a><div class=\"uabb-info-list-content uabb-info-list-left info-list-content-dynamic2\"><p class=\"uabb-info-list-title\">IAPMEI<\/p><\/div><\/div><\/li><li class=\"uabb-info-list-item info-list-item-dynamic3\"><div class=\"uabb-info-list-content-wrapper fl-clearfix uabb-info-list-left\"><a href=\"https:\/\/www.empresanahora.justica.gov.pt\/ENH\/sections\/PT_inicio.html\" class=\"uabb-info-list-link\" target=\"_blank\" rel=\"noopener nofollow\" aria-label=\"Go to https:\/\/www.empresanahora.justica.gov.pt\/ENH\/sections\/PT_inicio.html\"><\/a><div class=\"uabb-info-list-content uabb-info-list-left info-list-content-dynamic3\"><p class=\"uabb-info-list-title\">On the Spot Firm<\/p><\/div><\/div><\/li><li class=\"uabb-info-list-item info-list-item-dynamic4\"><div class=\"uabb-info-list-content-wrapper fl-clearfix uabb-info-list-left\"><a href=\"https:\/\/eportugal.gov.pt\/inicio\/espaco-empresa\" class=\"uabb-info-list-link\" target=\"_blank\" rel=\"noopener nofollow\" aria-label=\"Go to https:\/\/eportugal.gov.pt\/inicio\/espaco-empresa\"><\/a><div class=\"uabb-info-list-content uabb-info-list-left info-list-content-dynamic4\"><p class=\"uabb-info-list-title\">Company Portal<\/p><\/div><\/div><\/li>\t<\/ul>\r\n<\/div>\r\n\t<\/div>\n<\/div>\n<\/div>\n<\/div>\n\t<\/div>\n\t\t<\/div>\n\t<\/div>\n<\/div>\n<\/div><div class=\"uabb-js-breakpoint\" style=\"display: none;\"><\/div>\n\t\t\t\t<img decoding=\"async\" src=\"https:\/\/acticonta.net\/wp-content\/uploads\/2019\/09\/Webp.net-resizeimage-2019-09-28T035601.744.jpg\" alt=\"Seguran\u00e7a Social\" title=\"Social Security\" itemprop=\"image\"\/>\n\t\t<p>Social Security<\/p>\t\t\t\n\t\t\t\t<p>Information for employers<\/p>\n\t\t\t<a href=\"https:\/\/www.seg-social.pt\/declaracao-mensal-de-remuneracoes\" target=\"_blank\" rel=\"&quot;noopener&quot; noopener noreferrer\" role=\"button\">\n\t\t\t\t\t\t\tAccess the website\n\t\t<\/a>\n\t\t\t\t<img decoding=\"async\" src=\"https:\/\/acticonta.net\/wp-content\/uploads\/2019\/10\/fct-logo_jpg1.jpg\" alt=\"fct-logo\" title=\"fct-logo\" itemprop=\"image\"\/>\n\t\t<p>Work Compensation Fund <\/p>\t\t\t\n\t\t\t<a href=\"https:\/\/www.fundoscompensacao.pt\/o-fct\" target=\"_blank\" rel=\"&quot;noopener&quot; noopener noreferrer\" role=\"button\">\n\t\t\t\t\t\t\tAccess the website\n\t\t<\/a>\n\t\t\t<h2>We provide the most appropriate service for your company.<\/h2>\t\t\t\n\t\t\t<a href=\"https:\/\/acticonta.net\/en\/contactos\/\" target=\"_self\" role=\"button\" rel=\"noopener noreferrer\">\n\t\t\t\t\t\t\tCONTACT US\n\t\t<\/a>","protected":false},"excerpt":{"rendered":"<p>RECURSOS HUMANOS O nosso servi\u00e7o de Recursos Humanos Por termos a no\u00e7\u00e3o de que a gest\u00e3o da \u00e1rea dos Recursos Humanos \u00e9 das mais complexas e burocr\u00e1ticas na vida di\u00e1ria das organiza\u00e7\u00f5es, temos ao vosso dispor um apoio especializado e sempre dispon\u00edvel, para responder da melhor forma e dentro dos normativos legais, conforme as especificidades [&hellip;]<\/p>","protected":false},"author":4,"featured_media":0,"parent":316,"menu_order":0,"comment_status":"closed","ping_status":"closed","template":"","meta":{"footnotes":""},"class_list":["post-522","page","type-page","status-publish","hentry"],"_links":{"self":[{"href":"https:\/\/acticonta.net\/en\/wp-json\/wp\/v2\/pages\/522","targetHints":{"allow":["GET"]}}],"collection":[{"href":"https:\/\/acticonta.net\/en\/wp-json\/wp\/v2\/pages"}],"about":[{"href":"https:\/\/acticonta.net\/en\/wp-json\/wp\/v2\/types\/page"}],"author":[{"embeddable":true,"href":"https:\/\/acticonta.net\/en\/wp-json\/wp\/v2\/users\/4"}],"replies":[{"embeddable":true,"href":"https:\/\/acticonta.net\/en\/wp-json\/wp\/v2\/comments?post=522"}],"version-history":[{"count":1,"href":"https:\/\/acticonta.net\/en\/wp-json\/wp\/v2\/pages\/522\/revisions"}],"predecessor-version":[{"id":1657,"href":"https:\/\/acticonta.net\/en\/wp-json\/wp\/v2\/pages\/522\/revisions\/1657"}],"up":[{"embeddable":true,"href":"https:\/\/acticonta.net\/en\/wp-json\/wp\/v2\/pages\/316"}],"wp:attachment":[{"href":"https:\/\/acticonta.net\/en\/wp-json\/wp\/v2\/media?parent=522"}],"curies":[{"name":"wp","href":"https:\/\/api.w.org\/{rel}","templated":true}]}}