{"id":534,"date":"2019-01-27T05:00:31","date_gmt":"2019-01-27T05:00:31","guid":{"rendered":"https:\/\/acticonta.net\/?page_id=534"},"modified":"2020-02-24T17:57:08","modified_gmt":"2020-02-24T17:57:08","slug":"direitos-autor","status":"publish","type":"page","link":"https:\/\/acticonta.net\/en\/servicos\/direitos-autor\/","title":{"rendered":"Author's rights"},"content":{"rendered":"<h1>\n\t\tAUTHOR'S RIGHTS\n\t<\/h1>\n\t<h2 class=\"translation-block\" ><span class=\"uabb-first-heading-text\">Our<\/span>\n\t\n\t\t<span class=\"uabb-second-heading-text\">Author's rights <\/span> \t\t<span class=\"uabb-first-heading-text\">Service<\/span><\/h2>\n\t<p>Author's rights, protected by the Constitution and the Universal Declaration of Human Rights, is the remuneration due for the primary work of intellectual creation.<\/p>\n<p>Its respect and conscience of social justice, gives the author the exclusive right to freely choose the processes, conditions and values of the use and exploration of his works.<\/p>\n<p>This consent, which is implicitly onerous, is mandatory, anticipated and authorized in writing.<\/p>\nThe Portuguese legislation is fixed in its own diploma with Decree Law No. 63\/85, of March 14:<br \/>\n\u201c C\u00f3digo do Direito de Autor e dos Direitos Conexos\u201d.<br \/>\n<b><br \/>\n<\/b>In Portugal, <strong>SPA - Portuguese Society of Authors<\/strong> is the entity that represents all authors registered directly or indirectly in foreign counterparts.\n\t\t\t\t<img decoding=\"async\" src=\"https:\/\/acticonta.net\/wp-content\/uploads\/2019\/09\/spa_autores_pressrelease_banne1.png\" alt=\"Sociedade Portuguesa de Autores\" title=\"spa autores\" itemprop=\"image\"\/>\n\t\t\t<h3><strong>Correspondent<\/strong><\/h3>\t\t\t\n\t\t\t\t<p class=\"translation-block\"><strong>Acticonta<\/strong>, as <strong>correspondent<\/strong> of <strong>SPA - Portuguese Society of Authors<\/strong>, aims to grant the appropriate authorizations in the following municipalities of the Lisbon district area:<\/p>\n\t\t<!-- Comment to fix spacing issue\n\t-->\n\t\tPresent in the following municipalities<p>0  <\/p>\n\t<!-- Comment to fix spacing issue\n\t-->\t\n\t<ul>\n\t\t<li>Mafra<\/li><li>Torres Vedras<\/li><li>Sobral Monte Agra\u00e7o<\/li><li>Arruda<\/li><li>Cadaval<\/li>\t<\/ul>\n\t\t<h3><strong>Who is it for?<\/strong><\/h3>\t\t\t\n\t\t\t\t<p>To all public and private entities that use protected works, in whatever form and means currently known or that may be in the future, and to all public places, even with a stated reservation of the right of admission.<\/p>\n\t\t<h3><strong>Benefits<\/strong><\/h3>\t\t\t\n\t\t\t\t<ul>\n<li>Rigor and safety in obtaining authorization to use works protected by author's rights given Acticonta is a <strong>SPA Correspondent<\/strong>;<\/li>\n<li>Convenience in obtaining authorization since traveling to Lisbon is not required;<\/li>\n<li>Compliance with the conditions of use of the works;<\/li>\n<\/ul>\n\t\t<h3><strong>Author's Rights service activities<\/strong><\/h3>\t\t\t\n\t<ul>\n<li><\/li>\n<li>Control of authorizations;<\/li>\n<li>receipt collection<\/li>\n<li>Clarifications;<\/li>\n<\/ul>\n\t\t<h3><strong>Working Period<\/strong><\/h3>\t\t\t\n\t\t\t\t<p>Monday to Friday<\/p>\n<p>10:00-12:30h | 14:00 - 17:00h<\/p>\n\t\t<h3><strong>Absence of Authorization<\/strong><\/h3>\t\t\t\n\t\t\t\t<p><strong>The Absence of Authorization incurs the various infractions provided for in the aforementioned C\u00f3digo do Direito de Autor e dos Direitos Conexos.<\/strong><\/p>\n\t<div class=\"fl-builder-content fl-builder-content-436 fl-builder-template fl-builder-row-template fl-builder-global-templates-locked\" data-post-id=\"436\"><div class=\"fl-row fl-row-fixed-width fl-row-bg-none fl-node-5c497e8b1dade fl-row-default-height fl-row-align-center\" data-node=\"5c497e8b1dade\">\n\t<div class=\"fl-row-content-wrap\">\n\t\t\t\t\t\t\t\t<div class=\"fl-row-content fl-row-fixed-width fl-node-content\">\n\t\t\n<div class=\"fl-col-group fl-node-5c497e8b1dd5f\" data-node=\"5c497e8b1dd5f\">\n\t\t\t<div class=\"fl-col fl-node-5c497e8b1dded fl-col-bg-color\" data-node=\"5c497e8b1dded\">\n\t<div class=\"fl-col-content fl-node-content\"><div class=\"fl-module fl-module-rich-text fl-node-5c498217c84cf\" data-node=\"5c498217c84cf\">\n\t<div class=\"fl-module-content fl-node-content\">\n\t\t<div class=\"fl-rich-text\">\n\t<h2><span style=\"color: #063579;\"><a style=\"color: #063579;\" href=\"https:\/\/acticonta.net\/en\/servicos\/\"><strong>Acticonta Services<\/strong><\/a><\/span><\/h2>\n<h2><\/h2>\n<\/div>\n\t<\/div>\n<\/div>\n<div class=\"fl-module fl-module-info-list fl-node-5c49820c892d1 swititemmenu\" data-node=\"5c49820c892d1\">\n\t<div class=\"fl-module-content fl-node-content\">\n\t\t\r\n<div class=\"uabb-module-content uabb-info-list\">\r\n\t<ul class=\"uabb-info-list-wrapper uabb-info-list-left\">\r\n\t\t<li class=\"uabb-info-list-item info-list-item-dynamic0\"><div class=\"uabb-info-list-content-wrapper fl-clearfix uabb-info-list-left\"><a href=\"https:\/\/acticonta.net\/en\/servicos\/contabilidade\/\" class=\"uabb-info-list-link\" target=\"_self\"  aria-label=\"Go to https:\/\/acticonta.net\/servicos\/contabilidade\/\"><\/a><div class=\"uabb-info-list-icon info-list-icon-dynamic0\"><div class=\"uabb-module-content uabb-imgicon-wrap\">\t\t\t\t<span class=\"uabb-icon-wrap\">\r\n\t\t\t<span class=\"uabb-icon\">\r\n\t\t\t\t<i class=\"ua-icon ua-icon-calculator\"><\/i>\r\n\t\t\t<\/span>\r\n\t\t<\/span>\r\n\t\r\n\t\t<\/div><\/div><div class=\"uabb-info-list-content uabb-info-list-left info-list-content-dynamic0\"><h3 class=\"uabb-info-list-title\">Accounting<\/h3><\/div><\/div><div class=\"uabb-info-list-connector-top uabb-info-list-left\"><\/div><div class=\"uabb-info-list-connector uabb-info-list-left\"><\/div><\/li><li class=\"uabb-info-list-item info-list-item-dynamic1\"><div class=\"uabb-info-list-content-wrapper fl-clearfix uabb-info-list-left\"><a href=\"https:\/\/acticonta.net\/en\/servicos\/assessoria-fiscal\/\" class=\"uabb-info-list-link\" target=\"_self\"  aria-label=\"Go to https:\/\/acticonta.net\/servicos\/assessoria-fiscal\/\"><\/a><div class=\"uabb-info-list-icon info-list-icon-dynamic1\"><div class=\"uabb-module-content uabb-imgicon-wrap\">\t\t\t\t<span class=\"uabb-icon-wrap\">\r\n\t\t\t<span class=\"uabb-icon\">\r\n\t\t\t\t<i class=\"ua-icon ua-icon-credit\"><\/i>\r\n\t\t\t<\/span>\r\n\t\t<\/span>\r\n\t\r\n\t\t<\/div><\/div><div class=\"uabb-info-list-content uabb-info-list-left info-list-content-dynamic1\"><h3 class=\"uabb-info-list-title\">Tax Advisory<\/h3><\/div><\/div><div class=\"uabb-info-list-connector-top uabb-info-list-left\"><\/div><div class=\"uabb-info-list-connector uabb-info-list-left\"><\/div><\/li><li class=\"uabb-info-list-item info-list-item-dynamic2\"><div class=\"uabb-info-list-content-wrapper fl-clearfix uabb-info-list-left\"><a href=\"https:\/\/acticonta.net\/en\/servicos\/recursos-humanos\/\" class=\"uabb-info-list-link\" target=\"_self\"  aria-label=\"Go to https:\/\/acticonta.net\/servicos\/recursos-humanos\/\"><\/a><div class=\"uabb-info-list-icon info-list-icon-dynamic2\"><div class=\"uabb-module-content uabb-imgicon-wrap\">\t\t\t\t<span class=\"uabb-icon-wrap\">\r\n\t\t\t<span class=\"uabb-icon\">\r\n\t\t\t\t<i class=\"ua-icon ua-icon-users2\"><\/i>\r\n\t\t\t<\/span>\r\n\t\t<\/span>\r\n\t\r\n\t\t<\/div><\/div><div class=\"uabb-info-list-content uabb-info-list-left info-list-content-dynamic2\"><h3 class=\"uabb-info-list-title\">Human Resources<\/h3><\/div><\/div><div class=\"uabb-info-list-connector-top uabb-info-list-left\"><\/div><div class=\"uabb-info-list-connector uabb-info-list-left\"><\/div><\/li><li class=\"uabb-info-list-item info-list-item-dynamic3\"><div class=\"uabb-info-list-content-wrapper fl-clearfix uabb-info-list-left\"><a href=\"https:\/\/acticonta.net\/en\/servicos\/direitos-autor\/\" class=\"uabb-info-list-link\" target=\"_self\"  aria-label=\"Go to https:\/\/acticonta.net\/servicos\/direitos-autor\/\"><\/a><div class=\"uabb-info-list-icon info-list-icon-dynamic3\"><div class=\"uabb-module-content uabb-imgicon-wrap\">\t\t\t\t<span class=\"uabb-icon-wrap\">\r\n\t\t\t<span class=\"uabb-icon\">\r\n\t\t\t\t<i class=\"far fa-copyright\"><\/i>\r\n\t\t\t<\/span>\r\n\t\t<\/span>\r\n\t\r\n\t\t<\/div><\/div><div class=\"uabb-info-list-content uabb-info-list-left info-list-content-dynamic3\"><h3 class=\"uabb-info-list-title\">Author's rights<\/h3><\/div><\/div><div class=\"uabb-info-list-connector-top uabb-info-list-left\"><\/div><div class=\"uabb-info-list-connector uabb-info-list-left\"><\/div><\/li>\t<\/ul>\r\n<\/div>\r\n\t<\/div>\n<\/div>\n<div class=\"fl-module fl-module-rich-text fl-node-5d91f18022451\" data-node=\"5d91f18022451\">\n\t<div class=\"fl-module-content fl-node-content\">\n\t\t<div class=\"fl-rich-text\">\n\t<p><span style=\"color: #063579;\"><a style=\"color: #063579;\" href=\"https:\/\/acticonta.net\/en\/linksuteis\/\"><strong>Useful links<\/strong><\/a><\/span><\/p>\n<\/div>\n\t<\/div>\n<\/div>\n<div class=\"fl-module fl-module-info-list fl-node-5d8ccd0f2a181 swititemmenu  swit-link-util\" data-node=\"5d8ccd0f2a181\">\n\t<div class=\"fl-module-content fl-node-content\">\n\t\t\r\n<div class=\"uabb-module-content uabb-info-list\">\r\n\t<ul class=\"uabb-info-list-wrapper uabb-info-list-left\">\r\n\t\t<li class=\"uabb-info-list-item info-list-item-dynamic0\"><div class=\"uabb-info-list-content-wrapper fl-clearfix uabb-info-list-left\"><a href=\"https:\/\/www.portaldasfinancas.gov.pt\/at\/html\/index.html\" class=\"uabb-info-list-link\" target=\"_blank\" rel=\"noopener nofollow\" aria-label=\"Go to https:\/\/www.portaldasfinancas.gov.pt\/at\/html\/index.html\"><\/a><div class=\"uabb-info-list-content uabb-info-list-left info-list-content-dynamic0\"><p class=\"uabb-info-list-title\">AT - Autoridade Tribut\u00e1ria (Tax authority)<\/p><\/div><\/div><\/li><li class=\"uabb-info-list-item info-list-item-dynamic1\"><div class=\"uabb-info-list-content-wrapper fl-clearfix uabb-info-list-left\"><a href=\"https:\/\/www.seg-social.pt\/empresa#\" class=\"uabb-info-list-link\" target=\"_blank\" rel=\"noopener nofollow\" aria-label=\"Go to https:\/\/www.seg-social.pt\/empresa#\"><\/a><div class=\"uabb-info-list-content uabb-info-list-left info-list-content-dynamic1\"><p class=\"uabb-info-list-title\">Social Security<\/p><\/div><\/div><\/li><li class=\"uabb-info-list-item info-list-item-dynamic2\"><div class=\"uabb-info-list-content-wrapper fl-clearfix uabb-info-list-left\"><a href=\"https:\/\/www.iapmei.pt\/\" class=\"uabb-info-list-link\" target=\"_blank\" rel=\"noopener nofollow\" aria-label=\"Go to https:\/\/www.iapmei.pt\/\"><\/a><div class=\"uabb-info-list-content uabb-info-list-left info-list-content-dynamic2\"><p class=\"uabb-info-list-title\">IAPMEI<\/p><\/div><\/div><\/li><li class=\"uabb-info-list-item info-list-item-dynamic3\"><div class=\"uabb-info-list-content-wrapper fl-clearfix uabb-info-list-left\"><a href=\"https:\/\/www.empresanahora.justica.gov.pt\/ENH\/sections\/PT_inicio.html\" class=\"uabb-info-list-link\" target=\"_blank\" rel=\"noopener nofollow\" aria-label=\"Go to https:\/\/www.empresanahora.justica.gov.pt\/ENH\/sections\/PT_inicio.html\"><\/a><div class=\"uabb-info-list-content uabb-info-list-left info-list-content-dynamic3\"><p class=\"uabb-info-list-title\">On the Spot Firm<\/p><\/div><\/div><\/li><li class=\"uabb-info-list-item info-list-item-dynamic4\"><div class=\"uabb-info-list-content-wrapper fl-clearfix uabb-info-list-left\"><a href=\"https:\/\/eportugal.gov.pt\/inicio\/espaco-empresa\" class=\"uabb-info-list-link\" target=\"_blank\" rel=\"noopener nofollow\" aria-label=\"Go to https:\/\/eportugal.gov.pt\/inicio\/espaco-empresa\"><\/a><div class=\"uabb-info-list-content uabb-info-list-left info-list-content-dynamic4\"><p class=\"uabb-info-list-title\">Company Portal<\/p><\/div><\/div><\/li>\t<\/ul>\r\n<\/div>\r\n\t<\/div>\n<\/div>\n<\/div>\n<\/div>\n\t<\/div>\n\t\t<\/div>\n\t<\/div>\n<\/div>\n<\/div><div class=\"uabb-js-breakpoint\" style=\"display: none;\"><\/div>\n\t\t\t\t<img decoding=\"async\" src=\"https:\/\/acticonta.net\/wp-content\/uploads\/2019\/09\/spa_autores_pressrelease_banne1.png\" alt=\"Sociedade Portuguesa de Autores\" title=\"spa autores\" itemprop=\"image\"\/>\n\t\t<p>Sociedade Portuguesa de Autores<\/p>\t\t\t\n\t\t\t\t<p>Author's rights Information<\/p>\n\t\t\t<a href=\"https:\/\/www.spautores.pt\/\" target=\"_blank\" rel=\"&quot;noopener&quot; noopener noreferrer\" role=\"button\">\n\t\t\t\t\t\t\tAccess the website\n\t\t<\/a>\n\t\t\t\t<img decoding=\"async\" src=\"https:\/\/acticonta.net\/wp-content\/uploads\/2019\/09\/igac1-1.jpg\" alt=\"Inspe\u00e7\u00e3o Geral das Actividades Culturais\" title=\"igac-logo\" itemprop=\"image\"\/>\n\t\t<p>IGAC<\/p>\t\t\t\n\t\t\t\t<p>General Inspection of Cultural Activities<\/p>\n\t\t\t<a href=\"https:\/\/www.igac.gov.pt\/\" target=\"_blank\" rel=\"&quot;noopener&quot; noopener noreferrer\" role=\"button\">\n\t\t\t\t\t\t\tAccess the website\n\t\t<\/a>\n\t\t\t<h2>We provide the most appropriate service for your company.<\/h2>\t\t\t\n\t\t\t<a href=\"https:\/\/acticonta.net\/en\/contactos\/\" target=\"_self\" role=\"button\" rel=\"noopener noreferrer\">\n\t\t\t\t\t\t\tCONTACT US\n\t\t<\/a>","protected":false},"excerpt":{"rendered":"<p>DIREITOS DE AUTOR O nosso servi\u00e7o de Direitos de Autor O Direito de Autor, protegido pela Constitui\u00e7\u00e3o da Rep\u00fablica e pela Declara\u00e7\u00e3o Universal dos Direitos Humanos, \u00e9 a remunera\u00e7\u00e3o devida pelo trabalho prim\u00e1rio da cria\u00e7\u00e3o intelectual. O seu respeito e a consci\u00eancia de justi\u00e7a social, confere ao autor a faculdade exclusiva de escolher livremente os [&hellip;]<\/p>","protected":false},"author":4,"featured_media":0,"parent":316,"menu_order":0,"comment_status":"closed","ping_status":"closed","template":"","meta":{"footnotes":""},"class_list":["post-534","page","type-page","status-publish","hentry"],"_links":{"self":[{"href":"https:\/\/acticonta.net\/en\/wp-json\/wp\/v2\/pages\/534","targetHints":{"allow":["GET"]}}],"collection":[{"href":"https:\/\/acticonta.net\/en\/wp-json\/wp\/v2\/pages"}],"about":[{"href":"https:\/\/acticonta.net\/en\/wp-json\/wp\/v2\/types\/page"}],"author":[{"embeddable":true,"href":"https:\/\/acticonta.net\/en\/wp-json\/wp\/v2\/users\/4"}],"replies":[{"embeddable":true,"href":"https:\/\/acticonta.net\/en\/wp-json\/wp\/v2\/comments?post=534"}],"version-history":[{"count":5,"href":"https:\/\/acticonta.net\/en\/wp-json\/wp\/v2\/pages\/534\/revisions"}],"predecessor-version":[{"id":1670,"href":"https:\/\/acticonta.net\/en\/wp-json\/wp\/v2\/pages\/534\/revisions\/1670"}],"up":[{"embeddable":true,"href":"https:\/\/acticonta.net\/en\/wp-json\/wp\/v2\/pages\/316"}],"wp:attachment":[{"href":"https:\/\/acticonta.net\/en\/wp-json\/wp\/v2\/media?parent=534"}],"curies":[{"name":"wp","href":"https:\/\/api.w.org\/{rel}","templated":true}]}}