{"id":863,"date":"2018-10-19T19:14:27","date_gmt":"2018-10-19T19:14:27","guid":{"rendered":"https:\/\/acticonta.net\/?page_id=2"},"modified":"2023-01-07T20:13:56","modified_gmt":"2023-01-07T20:13:56","slug":"inicio","status":"publish","type":"page","link":"https:\/\/acticonta.net\/en\/","title":{"rendered":"Inicio"},"content":{"rendered":"<h1 class=\"translation-block\"><span class=\"fl-heading-text\"> <span class=\"switshadowhead\">Financial control<\/span> is crucial to<span class=\"switshadowhead\"> business success<\/span><\/span><\/h1>\n\t\t\t<a href=\"#swit-nossos-servicos\" target=\"_self\" role=\"button\" rel=\"noopener noreferrer\">\n\t\t\t\t\t\t\tNEED HELP?\n\t\t\t\t\t<\/a>\n\t\t\tOs nossos\n\t\tServi\u00e7os\n\t\t\n\t\t\t\t\t\t\t\t\t\t\t\t<h2>Accounting<\/h2>\n\t\t\t\t\t\t<p><strong>We organize your company's financial information, to make management decisions more secure and proactive.<br><\/strong><\/p>\t\t\t\t\t\n\t\t\t<!-- END .front -->\n\t\t\t\t\t\t\t\t\t\t<p>Some of the services we provide<\/p>\n\t\t\t\t\t\t<ul><li>Execution of General and Analytical Accounting;<\/li><li>Accounting report;<\/li><li>Completion and submission of periodic tax returns.<\/li><\/ul>\t\t\t\t\t\n\t\t\t<a href=\"https:\/\/acticonta.net\/en\/contabilidade\/\" target=\"_self\" role=\"button\" rel=\"noopener noreferrer\">\n\t\t\t\t\t\t\tLEARN MORE\n\t\t<\/a>\n\t\t\t<!-- END .back -->\n\t\t <!-- ifb-flip-box -->\n\t <!-- flip-box -->\n\t\t\t\t\t\t\t\t\t\t\t\t<h2>Tax Advisory <\/h2>\n\t\t\t\t\t\t<p><strong>We keep your company's tax obligations up to date, ensuring their compliance<\/strong><\/p>\t\t\t\t\t\n\t\t\t<!-- END .front -->\n\t\t\t\t\t\t\t\t\t\t<p>Some of the services we provide<\/p>\n\t\t\t\t\t\t<ul><li>Periodic tax information and advice to companies on tax, parafiscal and accounting matters;<\/li><li>Periodic estimates of the amount of income tax payable;<\/li><li>Support in reviewing tax returns.<\/li><\/ul>\t\t\t\t\t\n\t\t\t<a href=\"https:\/\/acticonta.net\/en\/servicos\/assessoria-fiscal\/\" target=\"_self\" role=\"button\" rel=\"noopener noreferrer\">\n\t\t\t\t\t\t\tLEARN MORE\n\t\t<\/a>\n\t\t\t<!-- END .back -->\n\t\t <!-- ifb-flip-box -->\n\t <!-- flip-box -->\n\t\t\t\t\t\t\t\t\t\t\t\t<h2>Human Resources<\/h2>\n\t\t\t\t\t\t<p><strong>We manage all the bureaucracy associated with managing employee obligations<\/strong><\/p>\t\t\t\t\t\n\t\t\t<!-- END .front -->\n\t\t\t\t\t\t\t\t\t\t<p>Some of the services we provide<\/p>\n\t\t\t\t\t\t<ul><li>Support in the admission and \/ or termination of employees to the Official Entities;<\/li><li>Maintenance of the register of personnel in computer support;<\/li><li>Monthly processing of remuneration.<\/li><\/ul>\t\t\t\t\t\n\t\t\t<a href=\"https:\/\/acticonta.net\/en\/servicos\/recursos-humanos\/\" target=\"_self\" role=\"button\" rel=\"noopener noreferrer\">\n\t\t\t\t\t\t\tLEARN MORE\n\t\t<\/a>\n\t\t\t<!-- END .back -->\n\t\t <!-- ifb-flip-box -->\n\t <!-- flip-box -->\n\t\t\t\t\t\t\t\t\t\t\t\t<h2>Author's rights<\/h2>\n\t\t\t\t\t\t<p><strong>We safeguard compliance with copyright protection law<\/strong><\/p>\t\t\t\t\t\n\t\t\t<!-- END .front -->\n\t\t\t\t\t\t\t\t\t\t<p>Some of the services we provide<\/p>\n\t\t\t\t\t\t<ul><li>Issuance of authorizations.<\/li><\/ul>\t\t\t\t\t\n\t\t\t<a href=\"https:\/\/acticonta.net\/en\/servicos\/direitos-autor\/\" target=\"_self\" role=\"button\" rel=\"noopener noreferrer\">\n\t\t\t\t\t\t\tLEARN MORE\n\t\t<\/a>\n\t\t\t<!-- END .back -->\n\t\t <!-- ifb-flip-box -->\n\t <!-- flip-box -->\n\t<p>Learn more about our services<\/p>\n\t\t\t<a href=\"https:\/\/acticonta.net\/en\/servicos\/\" target=\"_self\" role=\"button\" rel=\"noopener noreferrer\">\n\t\t\t\t\t\t\tLEARN MORE\n\t\t<\/a>\n\t<p><strong>We are growing up!<\/strong><\/p>\n\t<h3>Activity Sectors<\/h3>\n\t<p><strong>Retail<\/strong><\/p>\n<p><strong>Health<\/strong><\/p>\n<p><strong>Construction<\/strong><\/p>\n<p><strong>Restaurants<\/strong><\/p>\n<p><strong>Sports<\/strong><\/p>\n<p><strong>Others<\/strong><\/p>\n\t<h3>Customers<\/h3>\n\t<p><strong>Micro&nbsp;empresas<\/strong><\/p>\n<p><strong>Pequenas&nbsp;empresas<\/strong><\/p>\n<p><strong>Midsize companies<\/strong><\/p>\n\t<p>We want to grow even more, participating <strong>in the growth of your business<\/strong> by <strong>optimizing the financial control<\/strong>.<\/p>\n\t\t\t<a href=\"https:\/\/acticonta.net\/en\/contactos\/\" target=\"_self\" role=\"button\" rel=\"noopener noreferrer\">\n\t\t\t\t\t\t\tCONTACT US\n\t\t<\/a>\n\t<p>We support young people in their entry into the labour market<\/p>\n\t<h3>Internships<\/h3>\n<p>The purpose of the internship is to enable young students to use the knowledge already acquired in their academic life, as well as to acquire new knowledge in a collaborative environment.<\/p>\n\t<h3>Education and training institutions<\/h3>\n<p>Acticonta has been holding protocols with several Mafra schools, to provide students with a first contact with the business world.<\/p>","protected":false},"excerpt":{"rendered":"<p>O controlo financeiro \u00e9 crucial para o sucesso das empresas NECESSITA DE AJUDA? Os nossos Servi\u00e7os Contabilidade Organizamos a informa\u00e7\u00e3o financeira da sua empresa, para que tome as decis\u00f5es de gest\u00e3o de uma forma mais segura e proativa. Alguns dos servi\u00e7os que disponibilizamos Execu\u00e7\u00e3o da Contabilidade Geral e Anal\u00edtica; Reporte contabil\u00edstico; Preenchimento e entrega das [&hellip;]<\/p>","protected":false},"author":4,"featured_media":0,"parent":0,"menu_order":0,"comment_status":"closed","ping_status":"open","template":"","meta":{"footnotes":""},"class_list":["post-863","page","type-page","status-publish","hentry"],"_links":{"self":[{"href":"https:\/\/acticonta.net\/en\/wp-json\/wp\/v2\/pages\/863","targetHints":{"allow":["GET"]}}],"collection":[{"href":"https:\/\/acticonta.net\/en\/wp-json\/wp\/v2\/pages"}],"about":[{"href":"https:\/\/acticonta.net\/en\/wp-json\/wp\/v2\/types\/page"}],"author":[{"embeddable":true,"href":"https:\/\/acticonta.net\/en\/wp-json\/wp\/v2\/users\/4"}],"replies":[{"embeddable":true,"href":"https:\/\/acticonta.net\/en\/wp-json\/wp\/v2\/comments?post=863"}],"version-history":[{"count":4,"href":"https:\/\/acticonta.net\/en\/wp-json\/wp\/v2\/pages\/863\/revisions"}],"predecessor-version":[{"id":1683,"href":"https:\/\/acticonta.net\/en\/wp-json\/wp\/v2\/pages\/863\/revisions\/1683"}],"wp:attachment":[{"href":"https:\/\/acticonta.net\/en\/wp-json\/wp\/v2\/media?parent=863"}],"curies":[{"name":"wp","href":"https:\/\/api.w.org\/{rel}","templated":true}]}}