{"id":865,"date":"2018-10-19T19:40:52","date_gmt":"2018-10-19T19:40:52","guid":{"rendered":"https:\/\/acticonta.net\/?page_id=11"},"modified":"2022-05-20T10:39:56","modified_gmt":"2022-05-20T10:39:56","slug":"quem-somos","status":"publish","type":"page","link":"https:\/\/acticonta.net\/en\/quem-somos\/","title":{"rendered":"Who we are"},"content":{"rendered":"<h1>\n\t\tWHO WE ARE\n\t<\/h1>\n<h2>\n\t\tWe are Customer Focused\n\t<\/h2>\n<h3>\n\t\tACTICONTA is focused on providing top quality services to the business world.\n\t<\/h3>\n\t\t\t<h3>Vision<\/h3>\n\t\t\t\t<p>In an increasingly competitive economy, timely and quality financial information is crucial to the survival and growth of organizations.<\/p>\n\t\t\t<h3>Mission<\/h3>\n\t\t\t\t<p class=\"translation-block\">Serve our customers in the best conditions, giving them all the <strong>support<\/strong>  they need <strong>for better management of their companies<\/strong> .<\/p>\n\t\t\t<h3>Values<\/h3>\n\t\t\t\t<ul>\n<li>Customer Satisfaction<\/li>\n<li>Quality<\/li>\n<li>Trust<\/li>\n<li>Rigor<\/li>\n<li>Speed<\/li>\n<li>Ethic<\/li>\n<li>Commitment<\/li>\n<\/ul>\n<h2>\n\t\tOur experience and knowledge\n\t<\/h2>\n\t<p class=\"translation-block\">\u201c<strong>ACTICONTA \u2014 Gabinete T\u00e9cnico de Contabilidade e Fiscalidade, Lda.<\/strong>\u201d, established in April 1985 <strong>, is a company specializing in the areas of accounting - tax and analytical, human resources, tax advice and financial audit. <\/strong>.<\/p>\n<p>On April 8, 1985, Elias Mendon\u00e7a materialized a longtime dream. It was then that he founded the accounting firm named ACTICONTA. Founded in Lisbon, where it was headquartered in various locations, it has settled definitively in Mafra from 2006.<\/p>\n\t<p><strong>30+ years <\/strong><\/p>\n<p><strong>experience<\/strong><\/p>\n\t\t\t\t<img loading=\"lazy\" decoding=\"async\" src=\"https:\/\/acticonta.net\/wp-content\/uploads\/2019\/09\/Webp.net-resizeimage-25-1.jpg\" alt=\"Organizamos as atividades de gest\u00e3o\" itemprop=\"image\" height=\"390\" width=\"640\" title=\"Organizamos as atividades de gest\u00e3o\" onerror=\"this.style.display='none'\">\n\t<p>Since its foundation, ACTICONTA has been operating in the municipalities of Lisbon, Mafra, Oeiras, Cascais and Amadora.<\/p>\n<p class=\"translation-block\">It has a permanent technical staff with specific technical courses, which allow it to define its  <strong>objectives based on competence, professional ethics, accuracy and objectivity of information.<\/strong><\/p>\n<p class=\"translation-block\">Integrating in each area the <strong>most qualified elements for each specific service<\/strong>, ACTICONTA seeks to ensure not only the quality of services provided and the satisfaction of its customers, but also the commitment and motivation of all elements involved.<\/p>\n<h2>\n\t\tThe management team\n\t<\/h2>\n\t\t\t<p>Br\u00edgida Mendon\u00e7aLicenciada em Contabilidade e Administra\u00e7\u00e3o <br><br> <\/p>\t\t\t\n\t\t\t\t<p>Accounting and Human Resources<\/p>\n\t\t\t<p>Lu\u00eds Sim\u00f5esLicenciado em Contabilidade e Administra\u00e7\u00e3o  <br> Contabilista Certificado n\u00ba&nbsp; 94132&nbsp;<\/p>\t\t\t\n\t\t\t\t<p>Accounting<\/p>\n\t\t\t<h2>We offer a wide range of quality services that will help you run your business.<\/h2>\t\t\t\n\t\t\t<a href=\"https:\/\/acticonta.net\/en\/servicos\/\" target=\"_self\" role=\"button\" rel=\"noopener noreferrer\">\n\t\t\t\t\t\t\tKNOW OUR SERVICES\n\t\t<\/a>","protected":false},"excerpt":{"rendered":"<p>QUEM SOMOS Somos focados nos nossos clientes A ACTICONTA est\u00e1 orientada ao fornecimento de servi\u00e7os de qualidade superior para o mundo empresarial Vis\u00e3o Numa economia cada vez mais competitiva, a informa\u00e7\u00e3o financeira atempada e de qualidade \u00e9 crucial para sobreviv\u00eancia e crescimento das organiza\u00e7\u00f5es Miss\u00e3o Servir nas melhores condi\u00e7\u00f5es os seus clientes, dando-lhes todo o [&hellip;]<\/p>","protected":false},"author":4,"featured_media":0,"parent":0,"menu_order":0,"comment_status":"closed","ping_status":"closed","template":"","meta":{"footnotes":""},"class_list":["post-865","page","type-page","status-publish","hentry"],"_links":{"self":[{"href":"https:\/\/acticonta.net\/en\/wp-json\/wp\/v2\/pages\/865","targetHints":{"allow":["GET"]}}],"collection":[{"href":"https:\/\/acticonta.net\/en\/wp-json\/wp\/v2\/pages"}],"about":[{"href":"https:\/\/acticonta.net\/en\/wp-json\/wp\/v2\/types\/page"}],"author":[{"embeddable":true,"href":"https:\/\/acticonta.net\/en\/wp-json\/wp\/v2\/users\/4"}],"replies":[{"embeddable":true,"href":"https:\/\/acticonta.net\/en\/wp-json\/wp\/v2\/comments?post=865"}],"version-history":[{"count":1,"href":"https:\/\/acticonta.net\/en\/wp-json\/wp\/v2\/pages\/865\/revisions"}],"predecessor-version":[{"id":1638,"href":"https:\/\/acticonta.net\/en\/wp-json\/wp\/v2\/pages\/865\/revisions\/1638"}],"wp:attachment":[{"href":"https:\/\/acticonta.net\/en\/wp-json\/wp\/v2\/media?parent=865"}],"curies":[{"name":"wp","href":"https:\/\/api.w.org\/{rel}","templated":true}]}}